{"id":744,"date":"2016-02-10T14:37:48","date_gmt":"2016-02-10T19:37:48","guid":{"rendered":"http:\/\/www.electropol.com.co\/copiablog\/blog\/?page_id=744"},"modified":"2020-03-12T14:47:53","modified_gmt":"2020-03-12T19:47:53","slug":"rayo-resistente-manual-integral-de-proteccion-contra-rayos","status":"publish","type":"page","link":"https:\/\/electropol.com.co\/blog\/rayo-resistente-manual-integral-de-proteccion-contra-rayos\/","title":{"rendered":"RAYO RESISTENTE: Manual integral de protecci\u00f3n contra rayos (E-BOOK Gratuito)"},"content":{"rendered":"\n<div class=\"wp-block-cover alignfull has-background-dim-10 has-background-dim\" style=\"background-image:url(https:\/\/www.electropol.com.co\/blog2\/wp-content\/uploads\/2016\/02\/banner-rayo-resistente.jpg)\"><div class=\"wp-block-cover__inner-container is-layout-flow wp-block-cover-is-layout-flow\">\n<h1 class=\"has-text-align-center wp-block-heading\">Aprende a construir edificios <br>RAYO RESISTENTES<\/h1>\n\n\n\n<p style=\"text-align: center;\">Manual integral eBook GRATIS<br>Gu\u00eda r\u00e1pida y b\u00e1sica en lenguaje sencillo<\/p>\n\n\n\n<div class=\"wp-block-columns is-layout-flex wp-container-core-columns-is-layout-9d6595d7 wp-block-columns-is-layout-flex\">\n<div class=\"wp-block-column is-layout-flow wp-block-column-is-layout-flow\">\n<p>Descargar <div class='w3eden'><!-- WPDM Link Template: Default Template -->\n\n<div class=\"link-template-default card mb-2\">\n    <div class=\"card-body\">\n        <div class=\"media\">\n            <div class=\"mr-3 img-48\"><img decoding=\"async\" class=\"wpdm_icon\" alt=\"Icono\" src=\"https:\/\/electropol.com.co\/blog\/wp-content\/plugins\/download-manager\/assets\/file-type-icons\/pdf.svg\" \/><\/div>\n            <div class=\"media-body\">\n                <h3 class=\"package-title\"><a href='https:\/\/electropol.com.co\/blog\/download\/manual-de-proteccion-integral\/'>Manual de protecci\u00f3n integral<\/a><\/h3>\n                <div class=\"text-muted text-small\"><i class=\"fas fa-copy\"><\/i> 1 archivo(s) <i class=\"fas fa-hdd ml-3\"><\/i> 10.36 MB<\/div>\n            <\/div>\n            <div class=\"ml-3\">\n                <a class='wpdm-download-link download-on-click btn btn-primary ' rel='nofollow' href='#' data-downloadurl=\"https:\/\/electropol.com.co\/blog\/download\/manual-de-proteccion-integral\/?wpdmdl=2513&refresh=69d512c1203ce1775571649\">Descargar<\/a>\n            <\/div>\n        <\/div>\n    <\/div>\n<\/div>\n\n<\/div><\/p>\n<\/div>\n\n\n\n<div class=\"wp-block-column is-layout-flow wp-block-column-is-layout-flow\">\n<p><b>Notas:<\/b><br>Para aprender c\u00f3mo descomprimir el archivo descargado (*.zip) <a href=\"http:\/\/youtu.be\/c2RSncq4cfI?t=1m\" target=\"_blank\" rel=\"noopener noreferrer\">vea este video<\/a>.<\/p>\n<\/div>\n<\/div>\n<\/div><\/div>\n\n\n\n<h2 class=\"has-text-align-center wp-block-heading\">\u00bfQui\u00e9n lo escribi\u00f3?<\/h2>\n\n\n\n<div class=\"wp-block-media-text alignwide\" style=\"grid-template-columns:19% auto\"><figure class=\"wp-block-media-text__media\"><img loading=\"lazy\" decoding=\"async\" width=\"217\" height=\"217\" src=\"https:\/\/www.electropol.com.co\/blog2\/wp-content\/uploads\/2016\/03\/pedro-duran.jpg\" alt=\"Pedro Duran Jaimes\" class=\"wp-image-972\" srcset=\"https:\/\/electropol.com.co\/blog\/wp-content\/uploads\/2016\/03\/pedro-duran.jpg 217w, https:\/\/electropol.com.co\/blog\/wp-content\/uploads\/2016\/03\/pedro-duran-210x210.jpg 210w, https:\/\/electropol.com.co\/blog\/wp-content\/uploads\/2016\/03\/pedro-duran-128x128.jpg 128w\" sizes=\"auto, (max-width: 217px) 100vw, 217px\" \/><\/figure><div class=\"wp-block-media-text__content\">\n<p>Experto en protecci\u00f3n contra rayos y sobretensiones, fundador de <strong><a class=\"rr-a\" href=\"http:\/\/www.electropol.com.co\/\" target=\"_blank\" rel=\"noopener noreferrer\">ELECTROPOL<\/a><\/strong>, asesor en cientos de proyectos de dise\u00f1o y consultor\u00edas.<\/p>\n<\/div><\/div>\n\n\n\n<hr class=\"wp-block-separator has-text-color has-background\" style=\"background-color:#ffffff;color:#ffffff\"\/>\n\n\n\n<div class=\"wp-block-media-text alignwide\" style=\"grid-template-columns:15% auto\"><figure class=\"wp-block-media-text__media\"><img loading=\"lazy\" decoding=\"async\" width=\"86\" height=\"85\" src=\"https:\/\/www.electropol.com.co\/blog2\/wp-content\/uploads\/2020\/03\/epol-logo.png\" alt=\"rayo resistente epol\" class=\"wp-image-2664\"\/><\/figure><div class=\"wp-block-media-text__content\">\n<p>Patrocinado por<br><strong> <a href=\"http:\/\/www.electropol.com.co\/\" target=\"_blank\" rel=\"noopener noreferrer\">ELECTROPOL<\/a><\/strong><br>Especialistas en protecci\u00f3n contra rayos<\/p>\n<\/div><\/div>\n\n\n\n<div class=\"wp-block-cover alignfull has-vivid-green-cyan-background-color has-background-dim\"><div class=\"wp-block-cover__inner-container is-layout-flow wp-block-cover-is-layout-flow\">\n<hr class=\"wp-block-separator has-text-color has-background has-vivid-green-cyan-background-color has-vivid-green-cyan-color\"\/>\n\n\n\n<p class=\"has-text-align-center has-large-font-size\">En esta gu\u00eda t\u00e9cnica de protecci\u00f3n contra rayos&#8230;<\/p>\n\n\n\n<div class=\"wp-block-columns is-layout-flex wp-container-core-columns-is-layout-9d6595d7 wp-block-columns-is-layout-flex\">\n<div class=\"wp-block-column is-layout-flow wp-block-column-is-layout-flow\">\n<div id=\"rr-ben-03\">&nbsp;<\/div>\n<p align=\"center\"><strong>CONOCE<\/strong><br>materiales necesarios<\/p>\n<\/div>\n\n\n\n<div class=\"wp-block-column is-layout-flow wp-block-column-is-layout-flow\">\n<div id=\"rr-ben-05\">&nbsp;<\/div>\n<p align=\"center\"><strong>IMPLEMENTA<\/strong><br>protecci\u00f3n integral<\/p>\n<\/div>\n\n\n\n<div class=\"wp-block-column is-layout-flow wp-block-column-is-layout-flow\">\n<div id=\"rr-ben-04\">&nbsp;<\/div>\n<p align=\"center\"><strong>DESCRUBRE<\/strong><br>fuente de informaci\u00f3n<\/p>\n<\/div>\n<\/div>\n\n\n\n<div class=\"wp-block-columns is-layout-flex wp-container-core-columns-is-layout-9d6595d7 wp-block-columns-is-layout-flex\">\n<div class=\"wp-block-column is-layout-flow wp-block-column-is-layout-flow\">\n<div id=\"rr-ben-01\">&nbsp;<\/div>\n<p align=\"center\"><strong>APRENDE<\/strong><br>instrucciones instalaci\u00f3n<\/p>\n<\/div>\n\n\n\n<div class=\"wp-block-column is-layout-flow wp-block-column-is-layout-flow\">\n<div id=\"rr-ben-06\">&nbsp;<\/div>\n<p align=\"center\"><strong>ENCUENTRA<\/strong><br>leyes y normas<\/p>\n<\/div>\n\n\n\n<div class=\"wp-block-column is-layout-flow wp-block-column-is-layout-flow\">\n<div id=\"rr-ben-02\">&nbsp;<\/div>\n<p align=\"center\"><strong>INNOVA<\/strong><br>tecnolog\u00eda vanguardista<\/p>\n<\/div>\n<\/div>\n\n\n\n<hr class=\"wp-block-separator has-text-color has-background has-vivid-green-cyan-background-color has-vivid-green-cyan-color\"\/>\n<\/div><\/div>\n\n\n\n<hr class=\"wp-block-separator has-text-color has-background\" style=\"background-color:#ffffff;color:#ffffff\"\/>\n\n\n\n<div class=\"wp-block-columns alignfull is-layout-flex wp-container-core-columns-is-layout-9d6595d7 wp-block-columns-is-layout-flex\">\n<div class=\"wp-block-column is-layout-flow wp-block-column-is-layout-flow\">\n<div class=\"wp-block-image\"><figure class=\"alignright size-large\"><img decoding=\"async\" src=\"https:\/\/j.gifs.com\/4xq7Vx.gif\" alt=\"rayo resistente rayos\"\/><\/figure><\/div>\n<\/div>\n\n\n\n<div class=\"wp-block-column is-layout-flow wp-block-column-is-layout-flow\">\n<h2>Contenido<\/h2>\n<ul>\n<li><strong>Hablemos del manual<\/strong>\n<ul>\n<li>\u00bfPara qu\u00e9 es este manual?<\/li>\n<li>\u00bfEs para m\u00ed este manual?<\/li>\n<\/ul>\n<\/li>\n<li><strong>Hablemos del inicio<\/strong>\n<ul>\n<li>\u00bfC\u00f3mo uso el an\u00e1lisis de riesgo por rayo?<\/li>\n<li>\u00bfEs seguro el dise\u00f1o que tenemos?<\/li>\n<li>\u00bfCu\u00e1les son las alternativas para el apantallamiento?<\/li>\n<li>\u00bfC\u00f3mo espec\u00edfico los DPS en la subestaci\u00f3n el\u00e9ctrica?<\/li>\n<li>\u00bfC\u00f3mo protejo los ascensores?<\/li>\n<\/ul>\n<\/li>\n<li><strong>Hablemos de las leyes y normas<\/strong>\n<ul>\n<li>\u00bfCu\u00e1les son los derechos del consumidor?<\/li>\n<li>\u00bfPor qu\u00e9 debo cumplir con el RETIE?<\/li>\n<li>\u00bfY las normas t\u00e9cnicas de rayo?<\/li>\n<\/ul>\n<\/li>\n<\/ul>\n<\/div>\n<\/div>\n\n\n\n<hr class=\"wp-block-separator has-text-color has-background\" style=\"background-color:#ffffff;color:#ffffff\"\/>\n\n\n\n<div class=\"wp-block-columns alignfull is-layout-flex wp-container-core-columns-is-layout-9d6595d7 wp-block-columns-is-layout-flex\">\n<div class=\"wp-block-column is-layout-flow wp-block-column-is-layout-flow\">\n<div class=\"wp-block-image\"><figure class=\"alignright size-large\"><img decoding=\"async\" src=\"https:\/\/j.gifs.com\/y5b8XD.gif\" alt=\"rayo resistente mujer\"\/><\/figure><\/div>\n<\/div>\n\n\n\n<div class=\"wp-block-column is-layout-flow wp-block-column-is-layout-flow\">\n<ul>\n<li><strong>Hablemos de los costos<\/strong>\n<ul>\n<li>\u00bfCu\u00e1nto vale un SIPRA seguro?<\/li>\n<\/ul>\n<\/li>\n<li><strong>Hablemos de los productos<\/strong>\n<ul>\n<li>\u00bfCu\u00e1les materiales necesito?<\/li>\n<li>\u00bfD\u00f3nde puedo comprar?<\/li>\n<\/ul>\n<\/li>\n<li><strong>Hablemos de las ayudas<\/strong>\n<ul>\n<li>\u00bfD\u00f3nde encuentro m\u00e1s informaci\u00f3n?<\/li>\n<\/ul>\n<\/li>\n<li><strong>Hablemos de los entregables<\/strong>\n<ul>\n<li>\u00a1Quiero ver un ejemplo!<\/li>\n<\/ul>\n<\/li>\n<li><strong>10 pecados capitales de la protecci\u00f3n contra rayos<\/strong><\/li>\n<\/ul>\n<\/div>\n<\/div>\n\n\n\n<hr class=\"wp-block-separator has-text-color has-background\" style=\"background-color:#ffffff;color:#ffffff\"\/>\n\n\n\n<div class=\"wp-block-columns is-layout-flex wp-container-core-columns-is-layout-9d6595d7 wp-block-columns-is-layout-flex\">\n<div class=\"wp-block-column is-layout-flow wp-block-column-is-layout-flow\">\n<figure class=\"wp-block-image size-large\"><img decoding=\"async\" src=\"https:\/\/www.electropol.com.co\/blog\/wp-content\/uploads\/2016\/02\/rayo-resistente-sinopsis.png\" alt=\"rayo resistente estadisticas\"\/><\/figure>\n<\/div>\n\n\n\n<div class=\"wp-block-column is-layout-flow wp-block-column-is-layout-flow\">\n<h2>Sinopsis<\/h2>\n<p>Dispone al alcance de su mano una <strong>gu\u00eda r\u00e1pida y b\u00e1sica<\/strong>.<\/p>\n<p>Presentando en forma sencilla c\u00f3mo <strong>construir RAYO RESISTENTE<\/strong> cualquier <strong>edificio est\u00e1ndar<\/strong> con una <strong>altura no mayor<\/strong> a cincuenta <strong>(50) metros<\/strong>.<\/p>\n<p>En resumen, TODO lo que necesita para construir RAYO RESISTENTE.<\/p>\n<\/div>\n<\/div>\n<!-- AddThis Advanced Settings generic via filter on the_content --><!-- AddThis Share Buttons generic via filter on the_content -->","protected":false},"excerpt":{"rendered":"<p>\u00bfQui\u00e9n lo escribi\u00f3? Experto en protecci\u00f3n contra rayos y sobretensiones, fundador de ELECTROPOL, asesor en cientos de proyectos de dise\u00f1o y consultor\u00edas. Patrocinado por ELECTROPOLEspecialistas en protecci\u00f3n contra rayos Contenido Hablemos del manual \u00bfPara qu\u00e9 es este manual? \u00bfEs para m\u00ed este manual? Hablemos del inicio \u00bfC\u00f3mo uso el an\u00e1lisis de riesgo por rayo? \u00bfEs &#8230; <a title=\"RAYO RESISTENTE: Manual integral de protecci\u00f3n contra rayos (E-BOOK Gratuito)\" class=\"read-more\" href=\"https:\/\/electropol.com.co\/blog\/rayo-resistente-manual-integral-de-proteccion-contra-rayos\/\">Leer<\/a><!-- AddThis Advanced Settings generic via filter on get_the_excerpt --><!-- AddThis Share Buttons generic via filter on get_the_excerpt --><\/p>\n","protected":false},"author":6,"featured_media":0,"parent":0,"menu_order":0,"comment_status":"open","ping_status":"closed","template":"","meta":{"footnotes":""},"class_list":["post-744","page","type-page","status-publish"],"yoast_head":"<!-- This site is optimized with the Yoast SEO plugin v27.3 - https:\/\/yoast.com\/product\/yoast-seo-wordpress\/ -->\n<title>RAYO RESISTENTE: Manual integral de protecci\u00f3n contra rayos<\/title>\n<meta name=\"description\" content=\"\u00a1Adquiere YA! Aprende a construir un edificio RAYO RESISTENTE. Gu\u00eda r\u00e1pida y b\u00e1sica en lenguaje sencillo - Manual integral eBook GRATIS\" \/>\n<meta name=\"robots\" content=\"index, follow, max-snippet:-1, max-image-preview:large, max-video-preview:-1\" \/>\n<link rel=\"canonical\" href=\"https:\/\/electropol.com.co\/blog\/rayo-resistente-manual-integral-de-proteccion-contra-rayos\/\" \/>\n<meta property=\"og:locale\" content=\"es_ES\" \/>\n<meta property=\"og:type\" content=\"article\" \/>\n<meta property=\"og:title\" content=\"RAYO RESISTENTE: Manual integral de protecci\u00f3n contra rayos\" \/>\n<meta property=\"og:description\" content=\"\u00a1Adquiere YA! Aprende a construir un edificio RAYO RESISTENTE. Gu\u00eda r\u00e1pida y b\u00e1sica en lenguaje sencillo - Manual integral eBook GRATIS\" \/>\n<meta property=\"og:url\" content=\"https:\/\/electropol.com.co\/blog\/rayo-resistente-manual-integral-de-proteccion-contra-rayos\/\" \/>\n<meta property=\"og:site_name\" content=\"Rayo-Resistente. Electropol Colombia Distribuidor de Weidm\u00fcller\" \/>\n<meta property=\"article:modified_time\" content=\"2020-03-12T19:47:53+00:00\" \/>\n<meta property=\"og:image\" content=\"https:\/\/www.electropol.com.co\/blog2\/wp-content\/uploads\/2016\/03\/pedro-duran.jpg\" \/>\n<meta name=\"twitter:card\" content=\"summary_large_image\" \/>\n<meta name=\"twitter:label1\" content=\"Tiempo de lectura\" \/>\n\t<meta name=\"twitter:data1\" content=\"1 minuto\" \/>\n<script type=\"application\/ld+json\" class=\"yoast-schema-graph\">{\"@context\":\"https:\\\/\\\/schema.org\",\"@graph\":[{\"@type\":\"WebPage\",\"@id\":\"https:\\\/\\\/electropol.com.co\\\/blog\\\/rayo-resistente-manual-integral-de-proteccion-contra-rayos\\\/\",\"url\":\"https:\\\/\\\/electropol.com.co\\\/blog\\\/rayo-resistente-manual-integral-de-proteccion-contra-rayos\\\/\",\"name\":\"RAYO RESISTENTE: Manual integral de protecci\u00f3n contra rayos\",\"isPartOf\":{\"@id\":\"https:\\\/\\\/electropol.com.co\\\/blog\\\/#website\"},\"primaryImageOfPage\":{\"@id\":\"https:\\\/\\\/electropol.com.co\\\/blog\\\/rayo-resistente-manual-integral-de-proteccion-contra-rayos\\\/#primaryimage\"},\"image\":{\"@id\":\"https:\\\/\\\/electropol.com.co\\\/blog\\\/rayo-resistente-manual-integral-de-proteccion-contra-rayos\\\/#primaryimage\"},\"thumbnailUrl\":\"https:\\\/\\\/www.electropol.com.co\\\/blog2\\\/wp-content\\\/uploads\\\/2016\\\/03\\\/pedro-duran.jpg\",\"datePublished\":\"2016-02-10T19:37:48+00:00\",\"dateModified\":\"2020-03-12T19:47:53+00:00\",\"description\":\"\u00a1Adquiere YA! Aprende a construir un edificio RAYO RESISTENTE. Gu\u00eda r\u00e1pida y b\u00e1sica en lenguaje sencillo - Manual integral eBook GRATIS\",\"breadcrumb\":{\"@id\":\"https:\\\/\\\/electropol.com.co\\\/blog\\\/rayo-resistente-manual-integral-de-proteccion-contra-rayos\\\/#breadcrumb\"},\"inLanguage\":\"es\",\"potentialAction\":[{\"@type\":\"ReadAction\",\"target\":[\"https:\\\/\\\/electropol.com.co\\\/blog\\\/rayo-resistente-manual-integral-de-proteccion-contra-rayos\\\/\"]}]},{\"@type\":\"ImageObject\",\"inLanguage\":\"es\",\"@id\":\"https:\\\/\\\/electropol.com.co\\\/blog\\\/rayo-resistente-manual-integral-de-proteccion-contra-rayos\\\/#primaryimage\",\"url\":\"https:\\\/\\\/www.electropol.com.co\\\/blog2\\\/wp-content\\\/uploads\\\/2016\\\/03\\\/pedro-duran.jpg\",\"contentUrl\":\"https:\\\/\\\/www.electropol.com.co\\\/blog2\\\/wp-content\\\/uploads\\\/2016\\\/03\\\/pedro-duran.jpg\"},{\"@type\":\"BreadcrumbList\",\"@id\":\"https:\\\/\\\/electropol.com.co\\\/blog\\\/rayo-resistente-manual-integral-de-proteccion-contra-rayos\\\/#breadcrumb\",\"itemListElement\":[{\"@type\":\"ListItem\",\"position\":1,\"name\":\"Portada\",\"item\":\"https:\\\/\\\/electropol.com.co\\\/blog\\\/\"},{\"@type\":\"ListItem\",\"position\":2,\"name\":\"RAYO RESISTENTE: Manual integral de protecci\u00f3n contra rayos (E-BOOK Gratuito)\"}]},{\"@type\":\"WebSite\",\"@id\":\"https:\\\/\\\/electropol.com.co\\\/blog\\\/#website\",\"url\":\"https:\\\/\\\/electropol.com.co\\\/blog\\\/\",\"name\":\"Rayo-Resistente. EPOL OIL SAS Representante de DEHN & S\u00d6HNE\",\"description\":\"Informaci\u00f3n especializada sobre pararrayos, DPS supresor el\u00e9ctrico, y normas t\u00e9cnicas para hacerlo rayo resistente\",\"publisher\":{\"@id\":\"https:\\\/\\\/electropol.com.co\\\/blog\\\/#organization\"},\"potentialAction\":[{\"@type\":\"SearchAction\",\"target\":{\"@type\":\"EntryPoint\",\"urlTemplate\":\"https:\\\/\\\/electropol.com.co\\\/blog\\\/?s={search_term_string}\"},\"query-input\":{\"@type\":\"PropertyValueSpecification\",\"valueRequired\":true,\"valueName\":\"search_term_string\"}}],\"inLanguage\":\"es\"},{\"@type\":\"Organization\",\"@id\":\"https:\\\/\\\/electropol.com.co\\\/blog\\\/#organization\",\"name\":\"Rayo-Resistente. EPOL OIL SAS Representante de DEHN & S\u00d6HNE\",\"url\":\"https:\\\/\\\/electropol.com.co\\\/blog\\\/\",\"logo\":{\"@type\":\"ImageObject\",\"inLanguage\":\"es\",\"@id\":\"https:\\\/\\\/electropol.com.co\\\/blog\\\/#\\\/schema\\\/logo\\\/image\\\/\",\"url\":\"https:\\\/\\\/www.electropol.com.co\\\/blog\\\/wp-content\\\/uploads\\\/2020\\\/03\\\/blog_logo.jpg\",\"contentUrl\":\"https:\\\/\\\/www.electropol.com.co\\\/blog\\\/wp-content\\\/uploads\\\/2020\\\/03\\\/blog_logo.jpg\",\"width\":173,\"height\":64,\"caption\":\"Rayo-Resistente. EPOL OIL SAS Representante de DEHN & S\u00d6HNE\"},\"image\":{\"@id\":\"https:\\\/\\\/electropol.com.co\\\/blog\\\/#\\\/schema\\\/logo\\\/image\\\/\"}}]}<\/script>\n<!-- \/ Yoast SEO plugin. -->","yoast_head_json":{"title":"RAYO RESISTENTE: Manual integral de protecci\u00f3n contra rayos","description":"\u00a1Adquiere YA! Aprende a construir un edificio RAYO RESISTENTE. Gu\u00eda r\u00e1pida y b\u00e1sica en lenguaje sencillo - Manual integral eBook GRATIS","robots":{"index":"index","follow":"follow","max-snippet":"max-snippet:-1","max-image-preview":"max-image-preview:large","max-video-preview":"max-video-preview:-1"},"canonical":"https:\/\/electropol.com.co\/blog\/rayo-resistente-manual-integral-de-proteccion-contra-rayos\/","og_locale":"es_ES","og_type":"article","og_title":"RAYO RESISTENTE: Manual integral de protecci\u00f3n contra rayos","og_description":"\u00a1Adquiere YA! Aprende a construir un edificio RAYO RESISTENTE. Gu\u00eda r\u00e1pida y b\u00e1sica en lenguaje sencillo - Manual integral eBook GRATIS","og_url":"https:\/\/electropol.com.co\/blog\/rayo-resistente-manual-integral-de-proteccion-contra-rayos\/","og_site_name":"Rayo-Resistente. Electropol Colombia Distribuidor de Weidm\u00fcller","article_modified_time":"2020-03-12T19:47:53+00:00","og_image":[{"url":"https:\/\/www.electropol.com.co\/blog2\/wp-content\/uploads\/2016\/03\/pedro-duran.jpg","type":"","width":"","height":""}],"twitter_card":"summary_large_image","twitter_misc":{"Tiempo de lectura":"1 minuto"},"schema":{"@context":"https:\/\/schema.org","@graph":[{"@type":"WebPage","@id":"https:\/\/electropol.com.co\/blog\/rayo-resistente-manual-integral-de-proteccion-contra-rayos\/","url":"https:\/\/electropol.com.co\/blog\/rayo-resistente-manual-integral-de-proteccion-contra-rayos\/","name":"RAYO RESISTENTE: Manual integral de protecci\u00f3n contra rayos","isPartOf":{"@id":"https:\/\/electropol.com.co\/blog\/#website"},"primaryImageOfPage":{"@id":"https:\/\/electropol.com.co\/blog\/rayo-resistente-manual-integral-de-proteccion-contra-rayos\/#primaryimage"},"image":{"@id":"https:\/\/electropol.com.co\/blog\/rayo-resistente-manual-integral-de-proteccion-contra-rayos\/#primaryimage"},"thumbnailUrl":"https:\/\/www.electropol.com.co\/blog2\/wp-content\/uploads\/2016\/03\/pedro-duran.jpg","datePublished":"2016-02-10T19:37:48+00:00","dateModified":"2020-03-12T19:47:53+00:00","description":"\u00a1Adquiere YA! Aprende a construir un edificio RAYO RESISTENTE. Gu\u00eda r\u00e1pida y b\u00e1sica en lenguaje sencillo - Manual integral eBook GRATIS","breadcrumb":{"@id":"https:\/\/electropol.com.co\/blog\/rayo-resistente-manual-integral-de-proteccion-contra-rayos\/#breadcrumb"},"inLanguage":"es","potentialAction":[{"@type":"ReadAction","target":["https:\/\/electropol.com.co\/blog\/rayo-resistente-manual-integral-de-proteccion-contra-rayos\/"]}]},{"@type":"ImageObject","inLanguage":"es","@id":"https:\/\/electropol.com.co\/blog\/rayo-resistente-manual-integral-de-proteccion-contra-rayos\/#primaryimage","url":"https:\/\/www.electropol.com.co\/blog2\/wp-content\/uploads\/2016\/03\/pedro-duran.jpg","contentUrl":"https:\/\/www.electropol.com.co\/blog2\/wp-content\/uploads\/2016\/03\/pedro-duran.jpg"},{"@type":"BreadcrumbList","@id":"https:\/\/electropol.com.co\/blog\/rayo-resistente-manual-integral-de-proteccion-contra-rayos\/#breadcrumb","itemListElement":[{"@type":"ListItem","position":1,"name":"Portada","item":"https:\/\/electropol.com.co\/blog\/"},{"@type":"ListItem","position":2,"name":"RAYO RESISTENTE: Manual integral de protecci\u00f3n contra rayos (E-BOOK Gratuito)"}]},{"@type":"WebSite","@id":"https:\/\/electropol.com.co\/blog\/#website","url":"https:\/\/electropol.com.co\/blog\/","name":"Rayo-Resistente. EPOL OIL SAS Representante de DEHN & S\u00d6HNE","description":"Informaci\u00f3n especializada sobre pararrayos, DPS supresor el\u00e9ctrico, y normas t\u00e9cnicas para hacerlo rayo resistente","publisher":{"@id":"https:\/\/electropol.com.co\/blog\/#organization"},"potentialAction":[{"@type":"SearchAction","target":{"@type":"EntryPoint","urlTemplate":"https:\/\/electropol.com.co\/blog\/?s={search_term_string}"},"query-input":{"@type":"PropertyValueSpecification","valueRequired":true,"valueName":"search_term_string"}}],"inLanguage":"es"},{"@type":"Organization","@id":"https:\/\/electropol.com.co\/blog\/#organization","name":"Rayo-Resistente. EPOL OIL SAS Representante de DEHN & S\u00d6HNE","url":"https:\/\/electropol.com.co\/blog\/","logo":{"@type":"ImageObject","inLanguage":"es","@id":"https:\/\/electropol.com.co\/blog\/#\/schema\/logo\/image\/","url":"https:\/\/www.electropol.com.co\/blog\/wp-content\/uploads\/2020\/03\/blog_logo.jpg","contentUrl":"https:\/\/www.electropol.com.co\/blog\/wp-content\/uploads\/2020\/03\/blog_logo.jpg","width":173,"height":64,"caption":"Rayo-Resistente. EPOL OIL SAS Representante de DEHN & S\u00d6HNE"},"image":{"@id":"https:\/\/electropol.com.co\/blog\/#\/schema\/logo\/image\/"}}]}},"_links":{"self":[{"href":"https:\/\/electropol.com.co\/blog\/wp-json\/wp\/v2\/pages\/744","targetHints":{"allow":["GET"]}}],"collection":[{"href":"https:\/\/electropol.com.co\/blog\/wp-json\/wp\/v2\/pages"}],"about":[{"href":"https:\/\/electropol.com.co\/blog\/wp-json\/wp\/v2\/types\/page"}],"author":[{"embeddable":true,"href":"https:\/\/electropol.com.co\/blog\/wp-json\/wp\/v2\/users\/6"}],"replies":[{"embeddable":true,"href":"https:\/\/electropol.com.co\/blog\/wp-json\/wp\/v2\/comments?post=744"}],"version-history":[{"count":0,"href":"https:\/\/electropol.com.co\/blog\/wp-json\/wp\/v2\/pages\/744\/revisions"}],"wp:attachment":[{"href":"https:\/\/electropol.com.co\/blog\/wp-json\/wp\/v2\/media?parent=744"}],"curies":[{"name":"wp","href":"https:\/\/api.w.org\/{rel}","templated":true}]}}