{"id":60,"date":"2012-12-17T15:47:15","date_gmt":"2012-12-17T20:47:15","guid":{"rendered":"http:\/\/www.electropol.com.co\/blog\/?page_id=60"},"modified":"2012-12-19T16:31:52","modified_gmt":"2012-12-19T21:31:52","slug":"contactenos-2","status":"publish","type":"page","link":"https:\/\/electropol.com.co\/blog\/contactenos-2\/","title":{"rendered":"Cont\u00e1ctenos"},"content":{"rendered":"\n\n<!-- Fast Secure Contact Form plugin 4.0.52 - begin - FastSecureContactForm.com -->\n<div style=\"clear:both;\"><\/div>\n<p>Comentarios o Preguntas son bienvenidos.<\/p>\n<div id=\"FSContact1\" style=\"width:375px;\">\n<form action=\"https:\/\/electropol.com.co\/blog\/wp-json\/wp\/v2\/pages\/60#FSContact1\" id=\"fscf_form1\" method=\"post\">\n\n<div id=\"fscf_required1\">\n  <span style=\"text-align:left;\">*<\/span> <span style=\"text-align:left;\">denota un campo obligatorio<\/span>\n<\/div>\n\n\n<div id=\"fscf_div_clear1_0\" style=\"clear:both;\">\n  <div id=\"fscf_div_field1_0\" style=\"clear:left; float:left; width:99%; max-width:550px; margin-right:10px;\">\n    <div style=\"text-align:left; padding-top:5px;\">\n      <label style=\"text-align:left;\" for=\"fscf_name1\">Nombre:<span style=\"text-align:left;\">*<\/span><\/label>\n    <\/div>\n    <div style=\"text-align:left;\">\n      <input style=\"text-align:left; margin:0;\" type=\"text\" id=\"fscf_name1\" name=\"full_name\" value=\"\"  readonly=\"readonly\" \/>\n    <\/div>\n  <\/div>\n<\/div>\n\n<div id=\"fscf_div_clear1_1\" style=\"clear:both;\">\n  <div id=\"fscf_div_field1_1\" style=\"clear:left; float:left; width:99%; max-width:550px; margin-right:10px;\">\n    <div style=\"text-align:left; padding-top:5px;\">\n      <label style=\"text-align:left;\" for=\"fscf_email1\">Correo Electr\u00f3nico:<span style=\"text-align:left;\">*<\/span><\/label>\n    <\/div>\n    <div style=\"text-align:left;\">\n      <input style=\"text-align:left; margin:0;\" type=\"text\" id=\"fscf_email1\" name=\"email\" value=\"\"  readonly=\"readonly\" \/>\n    <\/div>\n  <\/div>\n<\/div>\n\n<div id=\"fscf_div_clear1_2\" style=\"clear:both;\">\n  <div id=\"fscf_div_field1_2\" style=\"clear:left; float:left; width:99%; max-width:550px; margin-right:10px;\">\n    <div style=\"text-align:left; padding-top:5px;\">\n      <label style=\"text-align:left;\" for=\"fscf_field1_2\">Tema:<span style=\"text-align:left;\">*<\/span><\/label>\n    <\/div>\n    <div style=\"text-align:left;\">\n      <input style=\"text-align:left; margin:0;\" type=\"text\" id=\"fscf_field1_2\" name=\"subject\" value=\"\"  \/>\n    <\/div>\n  <\/div>\n<\/div>\n\n<div id=\"fscf_div_clear1_3\" style=\"clear:both;\">\n  <div id=\"fscf_div_field1_3\" style=\"clear:left; float:left; width:99%; max-width:550px; margin-right:10px;\">\n    <div style=\"text-align:left; padding-top:5px;\">\n      <label style=\"text-align:left;\" for=\"fscf_field1_3\">Mensaje:<span style=\"text-align:left;\">*<\/span><\/label>\n    <\/div>\n    <div style=\"text-align:left;\">\n      <textarea style=\"text-align:left; margin:0; width:99%; max-width:250px; height:120px;\" id=\"fscf_field1_3\" name=\"message\" cols=\"30\" rows=\"10\" ><\/textarea>\n    <\/div>\n  <\/div>\n<\/div>\n<div style=\"clear:both;\"><\/div>\n\n<div style=\"text-align:left; padding-top:5px;\">\n<\/div>\n<div id=\"fscf_captcha_image_div1\" style=\"width:250px; height:65px; padding-top:2px;\">\n      <img loading=\"lazy\" decoding=\"async\" id=\"fscf_captcha_image1\" style=\"border-style:none; margin:0; padding:0px; padding-right:5px; float:left;\" src=\"https:\/\/electropol.com.co\/blog\/wp-content\/plugins\/si-contact-form\/captcha\/securimage_show.php?prefix=uTxxclrk1055ItpX\" width=\"175\" height=\"60\" alt=\"CAPTCHA\" title=\"CAPTCHA\" \/>\n      <input id=\"fscf_captcha_prefix1\" type=\"hidden\" name=\"fscf_captcha_prefix1\" value=\"uTxxclrk1055ItpX\" \/>\n     <div id=\"fscf_captcha_refresh1\">\n        <a href=\"#\" rel=\"nofollow\" title=\"Depurar\" onclick=\"fscf_captcha_refresh('1','\/blog\/wp-content\/plugins\/si-contact-form\/captcha','https:\/\/electropol.com.co\/blog\/wp-content\/plugins\/si-contact-form\/captcha\/securimage_show.php?prefix='); return false;\">\n        <img loading=\"lazy\" decoding=\"async\" src=\"https:\/\/electropol.com.co\/blog\/wp-content\/plugins\/si-contact-form\/captcha\/images\/refresh.png\" width=\"22\" height=\"20\" alt=\"Depurar\" style=\"border-style:none; margin:0; padding:0px; vertical-align:bottom;\" onclick=\"this.blur();\" \/><\/a>\n     <\/div>\n<\/div>\n\n<div id=\"fscf_captcha_field1\" style=\"text-align:left; padding-top:5px;\">\n     <label style=\"text-align:left;\" for=\"fscf_captcha_code1\">C\u00f3digo CAPTCHA:<span style=\"text-align:left;\">*<\/span><\/label>\n<\/div>\n<div style=\"text-align:left;\">\n     <input style=\"text-align:left; margin:0; width:50px;\" type=\"text\" value=\"\" autocomplete=\"off\" id=\"fscf_captcha_code1\" name=\"captcha_code\"  \/>\n<\/div>\n\n<div id=\"fscf_submit_div1\" style=\"text-align:left; padding-top:2px;\">\n\t\t<input type=\"submit\" id=\"fscf_submit1\" style=\"cursor:pointer; margin:0;\" value=\"Enviar\"  onclick=\"this.disabled=true; this.value='Enviando....'; this.form.submit();\" \/> \n<\/div>\n\n<input type=\"hidden\" name=\"fscf_submitted\" value=\"0\" \/>\n<input type=\"hidden\" name=\"fs_postonce_1\" value=\"cf083461200ab2c09a23296de3bf9848,1777361725\" \/>\n<input type=\"hidden\" name=\"si_contact_action\" value=\"send\" \/>\n<input type=\"hidden\" name=\"form_id\" value=\"1\" \/>\n<input type=\"hidden\" name=\"mailto_id\" value=\"1\" \/>\n\n<\/form>\n<\/div>\n<div style=\"clear:both;\"><\/div>\n\n<!-- Fast Secure Contact Form plugin 4.0.52 - end - FastSecureContactForm.com -->\n\n<!-- AddThis Advanced Settings generic via filter on the_content --><!-- AddThis Share Buttons generic via filter on the_content -->","protected":false},"excerpt":{"rendered":"<p><!-- AddThis Advanced Settings generic via filter on get_the_excerpt --><!-- AddThis Share Buttons generic via filter on get_the_excerpt --><\/p>\n","protected":false},"author":6,"featured_media":0,"parent":0,"menu_order":1,"comment_status":"closed","ping_status":"open","template":"","meta":{"footnotes":""},"class_list":["post-60","page","type-page","status-publish"],"yoast_head":"<!-- This site is optimized with the Yoast SEO plugin v27.4 - https:\/\/yoast.com\/product\/yoast-seo-wordpress\/ -->\n<title>Cont\u00e1ctenos - Rayo-Resistente. Electropol Colombia Distribuidor de Weidm\u00fcller<\/title>\n<meta name=\"robots\" content=\"index, follow, max-snippet:-1, max-image-preview:large, max-video-preview:-1\" \/>\n<link rel=\"canonical\" href=\"https:\/\/electropol.com.co\/blog\/contactenos-2\/\" \/>\n<meta property=\"og:locale\" content=\"es_ES\" \/>\n<meta property=\"og:type\" content=\"article\" \/>\n<meta property=\"og:title\" content=\"Cont\u00e1ctenos - Rayo-Resistente. Electropol Colombia Distribuidor de Weidm\u00fcller\" \/>\n<meta property=\"og:url\" content=\"https:\/\/electropol.com.co\/blog\/contactenos-2\/\" \/>\n<meta property=\"og:site_name\" content=\"Rayo-Resistente. Electropol Colombia Distribuidor de Weidm\u00fcller\" \/>\n<meta property=\"article:modified_time\" content=\"2012-12-19T21:31:52+00:00\" \/>\n<meta name=\"twitter:card\" content=\"summary_large_image\" \/>\n<script type=\"application\/ld+json\" class=\"yoast-schema-graph\">{\"@context\":\"https:\\\/\\\/schema.org\",\"@graph\":[{\"@type\":\"WebPage\",\"@id\":\"https:\\\/\\\/electropol.com.co\\\/blog\\\/contactenos-2\\\/\",\"url\":\"https:\\\/\\\/electropol.com.co\\\/blog\\\/contactenos-2\\\/\",\"name\":\"Cont\u00e1ctenos - Rayo-Resistente. Electropol Colombia Distribuidor de Weidm\u00fcller\",\"isPartOf\":{\"@id\":\"https:\\\/\\\/electropol.com.co\\\/blog\\\/#website\"},\"datePublished\":\"2012-12-17T20:47:15+00:00\",\"dateModified\":\"2012-12-19T21:31:52+00:00\",\"breadcrumb\":{\"@id\":\"https:\\\/\\\/electropol.com.co\\\/blog\\\/contactenos-2\\\/#breadcrumb\"},\"inLanguage\":\"es\",\"potentialAction\":[{\"@type\":\"ReadAction\",\"target\":[\"https:\\\/\\\/electropol.com.co\\\/blog\\\/contactenos-2\\\/\"]}]},{\"@type\":\"BreadcrumbList\",\"@id\":\"https:\\\/\\\/electropol.com.co\\\/blog\\\/contactenos-2\\\/#breadcrumb\",\"itemListElement\":[{\"@type\":\"ListItem\",\"position\":1,\"name\":\"Portada\",\"item\":\"https:\\\/\\\/electropol.com.co\\\/blog\\\/\"},{\"@type\":\"ListItem\",\"position\":2,\"name\":\"Cont\u00e1ctenos\"}]},{\"@type\":\"WebSite\",\"@id\":\"https:\\\/\\\/electropol.com.co\\\/blog\\\/#website\",\"url\":\"https:\\\/\\\/electropol.com.co\\\/blog\\\/\",\"name\":\"Rayo-Resistente. EPOL OIL SAS Representante de DEHN & S\u00d6HNE\",\"description\":\"Informaci\u00f3n especializada sobre pararrayos, DPS supresor el\u00e9ctrico, y normas t\u00e9cnicas para hacerlo rayo resistente\",\"publisher\":{\"@id\":\"https:\\\/\\\/electropol.com.co\\\/blog\\\/#organization\"},\"potentialAction\":[{\"@type\":\"SearchAction\",\"target\":{\"@type\":\"EntryPoint\",\"urlTemplate\":\"https:\\\/\\\/electropol.com.co\\\/blog\\\/?s={search_term_string}\"},\"query-input\":{\"@type\":\"PropertyValueSpecification\",\"valueRequired\":true,\"valueName\":\"search_term_string\"}}],\"inLanguage\":\"es\"},{\"@type\":\"Organization\",\"@id\":\"https:\\\/\\\/electropol.com.co\\\/blog\\\/#organization\",\"name\":\"Rayo-Resistente. EPOL OIL SAS Representante de DEHN & S\u00d6HNE\",\"url\":\"https:\\\/\\\/electropol.com.co\\\/blog\\\/\",\"logo\":{\"@type\":\"ImageObject\",\"inLanguage\":\"es\",\"@id\":\"https:\\\/\\\/electropol.com.co\\\/blog\\\/#\\\/schema\\\/logo\\\/image\\\/\",\"url\":\"https:\\\/\\\/www.electropol.com.co\\\/blog\\\/wp-content\\\/uploads\\\/2020\\\/03\\\/blog_logo.jpg\",\"contentUrl\":\"https:\\\/\\\/www.electropol.com.co\\\/blog\\\/wp-content\\\/uploads\\\/2020\\\/03\\\/blog_logo.jpg\",\"width\":173,\"height\":64,\"caption\":\"Rayo-Resistente. EPOL OIL SAS Representante de DEHN & S\u00d6HNE\"},\"image\":{\"@id\":\"https:\\\/\\\/electropol.com.co\\\/blog\\\/#\\\/schema\\\/logo\\\/image\\\/\"}}]}<\/script>\n<!-- \/ Yoast SEO plugin. -->","yoast_head_json":{"title":"Cont\u00e1ctenos - Rayo-Resistente. Electropol Colombia Distribuidor de Weidm\u00fcller","robots":{"index":"index","follow":"follow","max-snippet":"max-snippet:-1","max-image-preview":"max-image-preview:large","max-video-preview":"max-video-preview:-1"},"canonical":"https:\/\/electropol.com.co\/blog\/contactenos-2\/","og_locale":"es_ES","og_type":"article","og_title":"Cont\u00e1ctenos - Rayo-Resistente. Electropol Colombia Distribuidor de Weidm\u00fcller","og_url":"https:\/\/electropol.com.co\/blog\/contactenos-2\/","og_site_name":"Rayo-Resistente. Electropol Colombia Distribuidor de Weidm\u00fcller","article_modified_time":"2012-12-19T21:31:52+00:00","twitter_card":"summary_large_image","schema":{"@context":"https:\/\/schema.org","@graph":[{"@type":"WebPage","@id":"https:\/\/electropol.com.co\/blog\/contactenos-2\/","url":"https:\/\/electropol.com.co\/blog\/contactenos-2\/","name":"Cont\u00e1ctenos - Rayo-Resistente. Electropol Colombia Distribuidor de Weidm\u00fcller","isPartOf":{"@id":"https:\/\/electropol.com.co\/blog\/#website"},"datePublished":"2012-12-17T20:47:15+00:00","dateModified":"2012-12-19T21:31:52+00:00","breadcrumb":{"@id":"https:\/\/electropol.com.co\/blog\/contactenos-2\/#breadcrumb"},"inLanguage":"es","potentialAction":[{"@type":"ReadAction","target":["https:\/\/electropol.com.co\/blog\/contactenos-2\/"]}]},{"@type":"BreadcrumbList","@id":"https:\/\/electropol.com.co\/blog\/contactenos-2\/#breadcrumb","itemListElement":[{"@type":"ListItem","position":1,"name":"Portada","item":"https:\/\/electropol.com.co\/blog\/"},{"@type":"ListItem","position":2,"name":"Cont\u00e1ctenos"}]},{"@type":"WebSite","@id":"https:\/\/electropol.com.co\/blog\/#website","url":"https:\/\/electropol.com.co\/blog\/","name":"Rayo-Resistente. EPOL OIL SAS Representante de DEHN & S\u00d6HNE","description":"Informaci\u00f3n especializada sobre pararrayos, DPS supresor el\u00e9ctrico, y normas t\u00e9cnicas para hacerlo rayo resistente","publisher":{"@id":"https:\/\/electropol.com.co\/blog\/#organization"},"potentialAction":[{"@type":"SearchAction","target":{"@type":"EntryPoint","urlTemplate":"https:\/\/electropol.com.co\/blog\/?s={search_term_string}"},"query-input":{"@type":"PropertyValueSpecification","valueRequired":true,"valueName":"search_term_string"}}],"inLanguage":"es"},{"@type":"Organization","@id":"https:\/\/electropol.com.co\/blog\/#organization","name":"Rayo-Resistente. EPOL OIL SAS Representante de DEHN & S\u00d6HNE","url":"https:\/\/electropol.com.co\/blog\/","logo":{"@type":"ImageObject","inLanguage":"es","@id":"https:\/\/electropol.com.co\/blog\/#\/schema\/logo\/image\/","url":"https:\/\/www.electropol.com.co\/blog\/wp-content\/uploads\/2020\/03\/blog_logo.jpg","contentUrl":"https:\/\/www.electropol.com.co\/blog\/wp-content\/uploads\/2020\/03\/blog_logo.jpg","width":173,"height":64,"caption":"Rayo-Resistente. EPOL OIL SAS Representante de DEHN & S\u00d6HNE"},"image":{"@id":"https:\/\/electropol.com.co\/blog\/#\/schema\/logo\/image\/"}}]}},"_links":{"self":[{"href":"https:\/\/electropol.com.co\/blog\/wp-json\/wp\/v2\/pages\/60","targetHints":{"allow":["GET"]}}],"collection":[{"href":"https:\/\/electropol.com.co\/blog\/wp-json\/wp\/v2\/pages"}],"about":[{"href":"https:\/\/electropol.com.co\/blog\/wp-json\/wp\/v2\/types\/page"}],"author":[{"embeddable":true,"href":"https:\/\/electropol.com.co\/blog\/wp-json\/wp\/v2\/users\/6"}],"replies":[{"embeddable":true,"href":"https:\/\/electropol.com.co\/blog\/wp-json\/wp\/v2\/comments?post=60"}],"version-history":[{"count":0,"href":"https:\/\/electropol.com.co\/blog\/wp-json\/wp\/v2\/pages\/60\/revisions"}],"wp:attachment":[{"href":"https:\/\/electropol.com.co\/blog\/wp-json\/wp\/v2\/media?parent=60"}],"curies":[{"name":"wp","href":"https:\/\/api.w.org\/{rel}","templated":true}]}}