{"id":398,"date":"2014-05-09T10:10:32","date_gmt":"2014-05-09T15:10:32","guid":{"rendered":"http:\/\/www.electropol.com.co\/blog\/?page_id=398"},"modified":"2019-02-28T14:11:22","modified_gmt":"2019-02-28T19:11:22","slug":"viviendo-con-rayos","status":"publish","type":"page","link":"https:\/\/electropol.com.co\/blog\/viviendo-con-rayos\/","title":{"rendered":"Viviendo con rayos: Manos a la obra (E-BOOK Gratuito)"},"content":{"rendered":"<p>Aprende sobre<\/p>\n<p>conceptos b\u00e1sicos<\/p>\n<p>de ingenier\u00eda de rayos<\/p>\n<p>Viviendo con rayos eBook GRATIS<br \/>Contenido t\u00e9cnico en lenguaje sencillo<\/p>\n<p>\tDescargar <div class='w3eden'><!-- WPDM Link Template: Default Template -->\n\n<div class=\"link-template-default card mb-2\">\n    <div class=\"card-body\">\n        <div class=\"media\">\n            <div class=\"mr-3 img-48\"><img decoding=\"async\" class=\"wpdm_icon\" alt=\"Icono\" src=\"https:\/\/electropol.com.co\/blog\/wp-content\/plugins\/download-manager\/assets\/file-type-icons\/pdf.svg\" \/><\/div>\n            <div class=\"media-body\">\n                <h3 class=\"package-title\"><a href='https:\/\/electropol.com.co\/blog\/download\/viviendo-con-rayos-manos-a-la-obra\/'>Viviendo con Rayos. Manos a la Obra<\/a><\/h3>\n                <div class=\"text-muted text-small\"><i class=\"fas fa-copy\"><\/i> 1 archivo(s) <i class=\"fas fa-hdd ml-3\"><\/i> 10.44 MB<\/div>\n            <\/div>\n            <div class=\"ml-3\">\n                <a class='wpdm-download-link download-on-click btn btn-primary ' rel='nofollow' href='#' data-downloadurl=\"https:\/\/electropol.com.co\/blog\/download\/viviendo-con-rayos-manos-a-la-obra\/?wpdmdl=2517&refresh=69d512c0aff8d1775571648\">Descargar<\/a>\n            <\/div>\n        <\/div>\n    <\/div>\n<\/div>\n\n<\/div><\/p>\n<h1>\n\t\tEsto es lo que opinan del eBook nuestros lectores\u2026<br \/>\n\t<\/h1>\n<p>Me complace leer una publicaci\u00f3n dirigida al p\u00fablico en general enfocado en el apasionante tema de los rayos.<\/p>\n<p><strong>Peter<\/strong><\/p>\n<p>Los felicito por darnos la oportunidad de ayudarnos a tener mayor conocimiento en la parte el\u00e9ctrica.<\/p>\n<p><strong>Walter<\/strong><\/p>\n<p>El mejor material informativo.<\/p>\n<p><strong>Carlos<\/strong><\/p>\n<p>De gran aporte profesional, haciendo m\u00e1s grande nuestra labor.<\/p>\n<p><strong>Jairo<\/strong><\/p>\n<p>El conocimiento acerca de prevenir rayos es muy importante para la familia. Da seguridad y previene accidentes.<\/p>\n<p><strong>Manuel<\/strong><\/p>\n<h2>\n\t\t<a href=\"http:\/\/www.electropol.com.co\/blog\/conoce-autores-pedro-duran-jaimes\/\" title=\"\u00bfQui\u00e9n lo escribi\u00f3?\" target=\"_self\" rel=\"noopener noreferrer\"><br \/>\n\t\t\u00bfQui\u00e9n lo escribi\u00f3?<br \/>\n\t\t<\/a><br \/>\n\t<\/h2>\n<p>\t\t\t\t<a href=\"http:\/\/www.electropol.com.co\/blog\/conoce-autores-pedro-duran-jaimes\/\" target=\"_blank\" itemprop=\"url\" rel=\"noopener noreferrer\"><br \/>\n\t\t\t\t<img decoding=\"async\" src=\"http:\/\/www.electropol.com.co\/blog\/wp-content\/uploads\/2016\/03\/pedro-duran.jpg\" alt=\"Pedro Duran Jaimes\" itemprop=\"image\"  \/><br \/>\n\t\t\t\t<\/a><\/p>\n<p>Experto en protecci\u00f3n contra rayos y sobretensiones, fundador de <strong><a href=\"http:\/\/www.electropol.com.co\/\" target=\"_blank\" rel=\"noopener noreferrer\">ELECTROPOL LTDA.<\/a><\/strong>, asesor en cientos de proyectos de dise\u00f1o y consultor\u00edas.<\/p>\n<p>\t\t\t\t<a href=\"https:\/\/www.dehn-international.com\/en\" target=\"_blank\" itemprop=\"url\" rel=\"noopener noreferrer\"><br \/>\n\t\t\t\t<img decoding=\"async\" src=\"http:\/\/www.electropol.com.co\/blog\/wp-content\/uploads\/2014\/05\/isologo-electropo.jpg\" alt=\"Isologo ELECTROPOL, especialistas en protecci\u00f3n contra rayos\" itemprop=\"image\"  \/><br \/>\n\t\t\t\t<\/a><\/p>\n<p>Patrocinado por<br \/>\n<strong> <a href=\"http:\/\/www.electropol.com.co\/\" target=\"_blank\" rel=\"noopener noreferrer\">ELECTROPOL<\/a><\/strong><br \/>\nEspecialistas en protecci\u00f3n contra rayos<\/p>\n<h1>\n\t\tEn este manual t\u00e9cnico de protecci\u00f3n contra rayos\u2026<br \/>\n\t<\/h1>\n<p>\t&nbsp;<br \/>\n<strong>ENCUENTRA<\/strong><br \/>todo sobre rayos<br \/>\n\t&nbsp;<br \/>\n<strong>DESCUBRE<\/strong><br \/>mitos o realidades<br \/>\n\t&nbsp;<br \/>\n<strong>INNOVA<\/strong><br \/>tecnolog\u00eda vanguardista<br \/>\n\t&nbsp;<br \/>\n<strong>CONOCE<\/strong><br \/>medidas de protecci\u00f3n<br \/>\n\t&nbsp;<br \/>\n<strong>IMPLEMENTA<\/strong><br \/>protecci\u00f3n integral<br \/>\n\t&nbsp;<br \/>\n<strong>APRENDE<\/strong><br \/>normas y legislaci\u00f3n<br \/>\n\t\t\t\t<img decoding=\"async\" src=\"https:\/\/j.gifs.com\/jRkn0B.gif\" alt=\"\" itemprop=\"image\"  \/><\/p>\n<h2>Contenido<\/h2>\n<ul>\n<li>En el principio<\/li>\n<li>Primeros pasos<\/li>\n<li>Protecci\u00f3n interna<\/li>\n<li>Protecci\u00f3n externa<\/li>\n<li>Legislaci\u00f3n<\/li>\n<li>Recomendaciones<\/li>\n<li>Productos<\/li>\n<\/ul>\n<p>\t&nbsp;<\/p>\n<p>\u00a1\u00daNETE +500 DESCARGAS!<\/p>\n<p>\t<!-- Begin MailChimp Signup Form --><\/p>\n<form action=\"\/\/electropol.us10.list-manage.com\/subscribe\/post?u=4953dfac9ade64455946ec1ec&amp;id=4cdd32aad0\" method=\"post\" id=\"mc-embedded-subscribe-form\" name=\"mc-embedded-subscribe-form\" target=\"_blank\" novalidate>\n\t<input type=\"email\" name=\"EMAIL\" id=\"mce-EMAIL\" title=\"Ingrese su correo electr&oacute;nico y presione enter\" style=\"padding: 2px 5px 2px 5px; width: 300px; height: 40px; line-height: 1;background-color:#FFFFFF;border-style:none;text-align:center;\" placeholder=\"correo electr\u00f3nico\"><br \/>\n\t    <!-- real people should not fill this in and expect good things - do not remove this or risk form bot signups--><br \/>\n    <input type=\"text\" name=\"b_4953dfac9ade64455946ec1ec_4cdd32aad0\" tabindex=\"-1\" value=\"\"><br \/>\n    <input type=\"submit\" value=\"Descarga YA\" name=\"subscribe\" id=\"mc-embedded-subscribe\" style=\"width: 300px;height: 40px;background-color:#FFEC03;color:#FE3404;\"><input type=\"hidden\" name=\"FUENTE\" id=\"FUENTE\" value=\"VIVIENDO-med\" \/><br \/>\n<\/form>\n<p><!--End mc_embed_signup--><\/p>\n<h2>Sinopsis<\/h2>\n<p>Este libro sirve a todas las personas quienes han: visto los <strong>rayos<\/strong>, sentido su poderoso <strong>trueno<\/strong>, percibido el olor de <strong>tormenta el\u00e9ctrica<\/strong>, vivido una experiencia con los rayos o visto las p\u00e9rdidas que producen.<\/p>\n<p>Entonces puedan <strong>saber y conocer<\/strong>:<\/p>\n<ul>\n<li>Medidas de protecci\u00f3n<\/li>\n<li>Normas y reglamentaciones<\/li>\n<li>Tendencias tecnol\u00f3gicas<\/li>\n<\/ul>\n<p>\t\t\t\t<img decoding=\"async\" src=\"http:\/\/www.electropol.com.co\/blog\/wp-content\/uploads\/2014\/05\/viviendo-con-rayos-sinopsis.png\" alt=\"Sinopsis de viviendo con rayos\" itemprop=\"image\"  \/><br \/>\n\t\t\t\t<img decoding=\"async\" src=\"https:\/\/j.gifs.com\/v1MjJA.gif\" alt=\"\" itemprop=\"image\"  \/><\/p>\n<p>Adem\u00e1s encuentra respuestas a <strong>preguntas frecuentes<\/strong> sobre protecci\u00f3n contra rayos:<\/p>\n<ul>\n<li>\u00bfCu\u00e1les dispositivos de protecci\u00f3n contra rayos comprar?<\/li>\n<li>Desde la \u00f3ptica legal vigente: \u00bfQu\u00e9 exigir y c\u00f3mo hacerlo?<\/li>\n<li>\u00bfC\u00f3mo garantizar continuidad en los procesos industriales?<\/li>\n<li>\u00bfD\u00f3nde encontrar m\u00e1s informaci\u00f3n sobre rayos?<\/li>\n<\/ul>\n<p>\t[email-download download_id=\u00bb2383&#8243; contact_form_id=\u00bb397&#8243;]<\/p>\n<p><b>Notas:<\/b><br \/> Para aprender c\u00f3mo descomprimir el archivo descargado (*.zip) <a href=\"http:\/\/youtu.be\/c2RSncq4cfI?t=1m\" target=\"_blank\" rel=\"noopener noreferrer\">vea este video<\/a>.<\/p>\n<p>Si no encuentras el correo, favor revisa en la carpeta correo no deseado o spam y\/o prueba con otra cuenta de correo.<\/p>\n<p><b>Privacidad:<\/b> odiamos el spam, su informaci\u00f3n estar\u00e1 segura con nosotros.<\/p>\n<!-- AddThis Advanced Settings generic via filter on the_content --><!-- AddThis Share Buttons generic via filter on the_content -->","protected":false},"excerpt":{"rendered":"<p>Aprende sobre conceptos b\u00e1sicos de ingenier\u00eda de rayos Viviendo con rayos eBook GRATISContenido t\u00e9cnico en lenguaje sencillo Descargar Esto es lo que opinan del eBook nuestros lectores\u2026 Me complace leer una publicaci\u00f3n dirigida al p\u00fablico en general enfocado en el apasionante tema de los rayos. Peter Los felicito por darnos la oportunidad de ayudarnos a &#8230; <a title=\"Viviendo con rayos: Manos a la obra (E-BOOK Gratuito)\" class=\"read-more\" href=\"https:\/\/electropol.com.co\/blog\/viviendo-con-rayos\/\">Leer<\/a><!-- AddThis Advanced Settings generic via filter on get_the_excerpt --><!-- AddThis Share Buttons generic via filter on get_the_excerpt --><\/p>\n","protected":false},"author":6,"featured_media":0,"parent":0,"menu_order":0,"comment_status":"open","ping_status":"closed","template":"","meta":{"footnotes":""},"class_list":["post-398","page","type-page","status-publish"],"yoast_head":"<!-- This site is optimized with the Yoast SEO plugin v27.3 - https:\/\/yoast.com\/product\/yoast-seo-wordpress\/ -->\n<title>Viviendo con rayos: Manos a la obra<\/title>\n<meta name=\"description\" content=\"\u00a1Adquiere YA! Aprende sobre conceptos b\u00e1sicos de ingenier\u00eda de rayos. Contenido t\u00e9cnico en lenguaje sencillo - Viviendo con rayos eBook GRATIS\" \/>\n<meta name=\"robots\" content=\"index, follow, max-snippet:-1, max-image-preview:large, max-video-preview:-1\" \/>\n<link rel=\"canonical\" href=\"https:\/\/electropol.com.co\/blog\/viviendo-con-rayos\/\" \/>\n<meta property=\"og:locale\" content=\"es_ES\" \/>\n<meta property=\"og:type\" content=\"article\" \/>\n<meta property=\"og:title\" content=\"Viviendo con rayos: Manos a la obra\" \/>\n<meta property=\"og:description\" content=\"\u00a1Adquiere YA! Aprende sobre conceptos b\u00e1sicos de ingenier\u00eda de rayos. Contenido t\u00e9cnico en lenguaje sencillo - Viviendo con rayos eBook GRATIS\" \/>\n<meta property=\"og:url\" content=\"https:\/\/electropol.com.co\/blog\/viviendo-con-rayos\/\" \/>\n<meta property=\"og:site_name\" content=\"Rayo-Resistente. Electropol Colombia Distribuidor de Weidm\u00fcller\" \/>\n<meta property=\"article:modified_time\" content=\"2019-02-28T19:11:22+00:00\" \/>\n<meta property=\"og:image\" content=\"http:\/\/www.electropol.com.co\/blog\/wp-content\/uploads\/2016\/03\/pedro-duran.jpg\" \/>\n<meta name=\"twitter:card\" content=\"summary_large_image\" \/>\n<meta name=\"twitter:label1\" content=\"Tiempo de lectura\" \/>\n\t<meta name=\"twitter:data1\" content=\"2 minutos\" \/>\n<script type=\"application\/ld+json\" class=\"yoast-schema-graph\">{\"@context\":\"https:\\\/\\\/schema.org\",\"@graph\":[{\"@type\":\"WebPage\",\"@id\":\"https:\\\/\\\/electropol.com.co\\\/blog\\\/viviendo-con-rayos\\\/\",\"url\":\"https:\\\/\\\/electropol.com.co\\\/blog\\\/viviendo-con-rayos\\\/\",\"name\":\"Viviendo con rayos: Manos a la obra\",\"isPartOf\":{\"@id\":\"https:\\\/\\\/electropol.com.co\\\/blog\\\/#website\"},\"primaryImageOfPage\":{\"@id\":\"https:\\\/\\\/electropol.com.co\\\/blog\\\/viviendo-con-rayos\\\/#primaryimage\"},\"image\":{\"@id\":\"https:\\\/\\\/electropol.com.co\\\/blog\\\/viviendo-con-rayos\\\/#primaryimage\"},\"thumbnailUrl\":\"http:\\\/\\\/www.electropol.com.co\\\/blog\\\/wp-content\\\/uploads\\\/2016\\\/03\\\/pedro-duran.jpg\",\"datePublished\":\"2014-05-09T15:10:32+00:00\",\"dateModified\":\"2019-02-28T19:11:22+00:00\",\"description\":\"\u00a1Adquiere YA! Aprende sobre conceptos b\u00e1sicos de ingenier\u00eda de rayos. Contenido t\u00e9cnico en lenguaje sencillo - Viviendo con rayos eBook GRATIS\",\"breadcrumb\":{\"@id\":\"https:\\\/\\\/electropol.com.co\\\/blog\\\/viviendo-con-rayos\\\/#breadcrumb\"},\"inLanguage\":\"es\",\"potentialAction\":[{\"@type\":\"ReadAction\",\"target\":[\"https:\\\/\\\/electropol.com.co\\\/blog\\\/viviendo-con-rayos\\\/\"]}]},{\"@type\":\"ImageObject\",\"inLanguage\":\"es\",\"@id\":\"https:\\\/\\\/electropol.com.co\\\/blog\\\/viviendo-con-rayos\\\/#primaryimage\",\"url\":\"http:\\\/\\\/www.electropol.com.co\\\/blog\\\/wp-content\\\/uploads\\\/2016\\\/03\\\/pedro-duran.jpg\",\"contentUrl\":\"http:\\\/\\\/www.electropol.com.co\\\/blog\\\/wp-content\\\/uploads\\\/2016\\\/03\\\/pedro-duran.jpg\"},{\"@type\":\"BreadcrumbList\",\"@id\":\"https:\\\/\\\/electropol.com.co\\\/blog\\\/viviendo-con-rayos\\\/#breadcrumb\",\"itemListElement\":[{\"@type\":\"ListItem\",\"position\":1,\"name\":\"Portada\",\"item\":\"https:\\\/\\\/electropol.com.co\\\/blog\\\/\"},{\"@type\":\"ListItem\",\"position\":2,\"name\":\"Viviendo con rayos: Manos a la obra (E-BOOK Gratuito)\"}]},{\"@type\":\"WebSite\",\"@id\":\"https:\\\/\\\/electropol.com.co\\\/blog\\\/#website\",\"url\":\"https:\\\/\\\/electropol.com.co\\\/blog\\\/\",\"name\":\"Rayo-Resistente. EPOL OIL SAS Representante de DEHN & S\u00d6HNE\",\"description\":\"Informaci\u00f3n especializada sobre pararrayos, DPS supresor el\u00e9ctrico, y normas t\u00e9cnicas para hacerlo rayo resistente\",\"publisher\":{\"@id\":\"https:\\\/\\\/electropol.com.co\\\/blog\\\/#organization\"},\"potentialAction\":[{\"@type\":\"SearchAction\",\"target\":{\"@type\":\"EntryPoint\",\"urlTemplate\":\"https:\\\/\\\/electropol.com.co\\\/blog\\\/?s={search_term_string}\"},\"query-input\":{\"@type\":\"PropertyValueSpecification\",\"valueRequired\":true,\"valueName\":\"search_term_string\"}}],\"inLanguage\":\"es\"},{\"@type\":\"Organization\",\"@id\":\"https:\\\/\\\/electropol.com.co\\\/blog\\\/#organization\",\"name\":\"Rayo-Resistente. EPOL OIL SAS Representante de DEHN & S\u00d6HNE\",\"url\":\"https:\\\/\\\/electropol.com.co\\\/blog\\\/\",\"logo\":{\"@type\":\"ImageObject\",\"inLanguage\":\"es\",\"@id\":\"https:\\\/\\\/electropol.com.co\\\/blog\\\/#\\\/schema\\\/logo\\\/image\\\/\",\"url\":\"https:\\\/\\\/www.electropol.com.co\\\/blog\\\/wp-content\\\/uploads\\\/2020\\\/03\\\/blog_logo.jpg\",\"contentUrl\":\"https:\\\/\\\/www.electropol.com.co\\\/blog\\\/wp-content\\\/uploads\\\/2020\\\/03\\\/blog_logo.jpg\",\"width\":173,\"height\":64,\"caption\":\"Rayo-Resistente. EPOL OIL SAS Representante de DEHN & S\u00d6HNE\"},\"image\":{\"@id\":\"https:\\\/\\\/electropol.com.co\\\/blog\\\/#\\\/schema\\\/logo\\\/image\\\/\"}}]}<\/script>\n<!-- \/ Yoast SEO plugin. -->","yoast_head_json":{"title":"Viviendo con rayos: Manos a la obra","description":"\u00a1Adquiere YA! Aprende sobre conceptos b\u00e1sicos de ingenier\u00eda de rayos. Contenido t\u00e9cnico en lenguaje sencillo - Viviendo con rayos eBook GRATIS","robots":{"index":"index","follow":"follow","max-snippet":"max-snippet:-1","max-image-preview":"max-image-preview:large","max-video-preview":"max-video-preview:-1"},"canonical":"https:\/\/electropol.com.co\/blog\/viviendo-con-rayos\/","og_locale":"es_ES","og_type":"article","og_title":"Viviendo con rayos: Manos a la obra","og_description":"\u00a1Adquiere YA! Aprende sobre conceptos b\u00e1sicos de ingenier\u00eda de rayos. Contenido t\u00e9cnico en lenguaje sencillo - Viviendo con rayos eBook GRATIS","og_url":"https:\/\/electropol.com.co\/blog\/viviendo-con-rayos\/","og_site_name":"Rayo-Resistente. Electropol Colombia Distribuidor de Weidm\u00fcller","article_modified_time":"2019-02-28T19:11:22+00:00","og_image":[{"url":"http:\/\/www.electropol.com.co\/blog\/wp-content\/uploads\/2016\/03\/pedro-duran.jpg","type":"","width":"","height":""}],"twitter_card":"summary_large_image","twitter_misc":{"Tiempo de lectura":"2 minutos"},"schema":{"@context":"https:\/\/schema.org","@graph":[{"@type":"WebPage","@id":"https:\/\/electropol.com.co\/blog\/viviendo-con-rayos\/","url":"https:\/\/electropol.com.co\/blog\/viviendo-con-rayos\/","name":"Viviendo con rayos: Manos a la obra","isPartOf":{"@id":"https:\/\/electropol.com.co\/blog\/#website"},"primaryImageOfPage":{"@id":"https:\/\/electropol.com.co\/blog\/viviendo-con-rayos\/#primaryimage"},"image":{"@id":"https:\/\/electropol.com.co\/blog\/viviendo-con-rayos\/#primaryimage"},"thumbnailUrl":"http:\/\/www.electropol.com.co\/blog\/wp-content\/uploads\/2016\/03\/pedro-duran.jpg","datePublished":"2014-05-09T15:10:32+00:00","dateModified":"2019-02-28T19:11:22+00:00","description":"\u00a1Adquiere YA! Aprende sobre conceptos b\u00e1sicos de ingenier\u00eda de rayos. Contenido t\u00e9cnico en lenguaje sencillo - Viviendo con rayos eBook GRATIS","breadcrumb":{"@id":"https:\/\/electropol.com.co\/blog\/viviendo-con-rayos\/#breadcrumb"},"inLanguage":"es","potentialAction":[{"@type":"ReadAction","target":["https:\/\/electropol.com.co\/blog\/viviendo-con-rayos\/"]}]},{"@type":"ImageObject","inLanguage":"es","@id":"https:\/\/electropol.com.co\/blog\/viviendo-con-rayos\/#primaryimage","url":"http:\/\/www.electropol.com.co\/blog\/wp-content\/uploads\/2016\/03\/pedro-duran.jpg","contentUrl":"http:\/\/www.electropol.com.co\/blog\/wp-content\/uploads\/2016\/03\/pedro-duran.jpg"},{"@type":"BreadcrumbList","@id":"https:\/\/electropol.com.co\/blog\/viviendo-con-rayos\/#breadcrumb","itemListElement":[{"@type":"ListItem","position":1,"name":"Portada","item":"https:\/\/electropol.com.co\/blog\/"},{"@type":"ListItem","position":2,"name":"Viviendo con rayos: Manos a la obra (E-BOOK Gratuito)"}]},{"@type":"WebSite","@id":"https:\/\/electropol.com.co\/blog\/#website","url":"https:\/\/electropol.com.co\/blog\/","name":"Rayo-Resistente. EPOL OIL SAS Representante de DEHN & S\u00d6HNE","description":"Informaci\u00f3n especializada sobre pararrayos, DPS supresor el\u00e9ctrico, y normas t\u00e9cnicas para hacerlo rayo resistente","publisher":{"@id":"https:\/\/electropol.com.co\/blog\/#organization"},"potentialAction":[{"@type":"SearchAction","target":{"@type":"EntryPoint","urlTemplate":"https:\/\/electropol.com.co\/blog\/?s={search_term_string}"},"query-input":{"@type":"PropertyValueSpecification","valueRequired":true,"valueName":"search_term_string"}}],"inLanguage":"es"},{"@type":"Organization","@id":"https:\/\/electropol.com.co\/blog\/#organization","name":"Rayo-Resistente. EPOL OIL SAS Representante de DEHN & S\u00d6HNE","url":"https:\/\/electropol.com.co\/blog\/","logo":{"@type":"ImageObject","inLanguage":"es","@id":"https:\/\/electropol.com.co\/blog\/#\/schema\/logo\/image\/","url":"https:\/\/www.electropol.com.co\/blog\/wp-content\/uploads\/2020\/03\/blog_logo.jpg","contentUrl":"https:\/\/www.electropol.com.co\/blog\/wp-content\/uploads\/2020\/03\/blog_logo.jpg","width":173,"height":64,"caption":"Rayo-Resistente. EPOL OIL SAS Representante de DEHN & S\u00d6HNE"},"image":{"@id":"https:\/\/electropol.com.co\/blog\/#\/schema\/logo\/image\/"}}]}},"_links":{"self":[{"href":"https:\/\/electropol.com.co\/blog\/wp-json\/wp\/v2\/pages\/398","targetHints":{"allow":["GET"]}}],"collection":[{"href":"https:\/\/electropol.com.co\/blog\/wp-json\/wp\/v2\/pages"}],"about":[{"href":"https:\/\/electropol.com.co\/blog\/wp-json\/wp\/v2\/types\/page"}],"author":[{"embeddable":true,"href":"https:\/\/electropol.com.co\/blog\/wp-json\/wp\/v2\/users\/6"}],"replies":[{"embeddable":true,"href":"https:\/\/electropol.com.co\/blog\/wp-json\/wp\/v2\/comments?post=398"}],"version-history":[{"count":0,"href":"https:\/\/electropol.com.co\/blog\/wp-json\/wp\/v2\/pages\/398\/revisions"}],"wp:attachment":[{"href":"https:\/\/electropol.com.co\/blog\/wp-json\/wp\/v2\/media?parent=398"}],"curies":[{"name":"wp","href":"https:\/\/api.w.org\/{rel}","templated":true}]}}