{"id":2130,"date":"2023-11-20T15:04:52","date_gmt":"2023-11-20T20:04:52","guid":{"rendered":"http:\/\/www.electropol.com.co\/blog\/?page_id=2130"},"modified":"2023-11-20T15:04:54","modified_gmt":"2023-11-20T20:04:54","slug":"prueba-2","status":"publish","type":"page","link":"https:\/\/electropol.com.co\/blog\/prueba-2\/","title":{"rendered":"Prueba"},"content":{"rendered":"<p>\t<a href=\"http:\/\/www.youtube.com\/embed\/gdPWxly-lkA?autoplay=1\" data-width=\"640\" data-height=\"480\">YouTube Wonder Plugin<\/a><\/p>\n<h3>\n\t\t\t\t<a href=\"AbrazaderasDePuestaATierraDEHNUNI.pdf\" target=\"_blank\" rel=\"noopener\"><br \/>\n\t\t<\/a><br \/>\n\t<a href=\"AbrazaderasDePuestaATierraDEHNUNI.pdf\" target=\"_blank\" rel=\"noopener\">Descarga de prueba<\/a><\/h3>\n<!-- AddThis Advanced Settings generic via filter on the_content --><!-- AddThis Share Buttons generic via filter on the_content -->","protected":false},"excerpt":{"rendered":"<p>YouTube Wonder Plugin Descarga de prueba<!-- AddThis Advanced Settings generic via filter on get_the_excerpt --><!-- AddThis Share Buttons generic via filter on get_the_excerpt --><\/p>\n","protected":false},"author":6,"featured_media":0,"parent":0,"menu_order":0,"comment_status":"closed","ping_status":"closed","template":"","meta":{"footnotes":""},"class_list":["post-2130","page","type-page","status-publish"],"yoast_head":"<!-- This site is optimized with the Yoast SEO plugin v27.3 - https:\/\/yoast.com\/product\/yoast-seo-wordpress\/ -->\n<title>Prueba - Rayo-Resistente. Electropol Colombia Distribuidor de Weidm\u00fcller<\/title>\n<meta name=\"robots\" content=\"index, follow, max-snippet:-1, max-image-preview:large, max-video-preview:-1\" \/>\n<link rel=\"canonical\" href=\"https:\/\/electropol.com.co\/blog\/prueba-2\/\" \/>\n<meta property=\"og:locale\" content=\"es_ES\" \/>\n<meta property=\"og:type\" content=\"article\" \/>\n<meta property=\"og:title\" content=\"Prueba - Rayo-Resistente. Electropol Colombia Distribuidor de Weidm\u00fcller\" \/>\n<meta property=\"og:description\" content=\"YouTube Wonder Plugin Descarga de prueba\" \/>\n<meta property=\"og:url\" content=\"https:\/\/electropol.com.co\/blog\/prueba-2\/\" \/>\n<meta property=\"og:site_name\" content=\"Rayo-Resistente. Electropol Colombia Distribuidor de Weidm\u00fcller\" \/>\n<meta property=\"article:modified_time\" content=\"2023-11-20T20:04:54+00:00\" \/>\n<meta name=\"twitter:card\" content=\"summary_large_image\" \/>\n<script type=\"application\/ld+json\" class=\"yoast-schema-graph\">{\"@context\":\"https:\\\/\\\/schema.org\",\"@graph\":[{\"@type\":\"WebPage\",\"@id\":\"https:\\\/\\\/electropol.com.co\\\/blog\\\/prueba-2\\\/\",\"url\":\"https:\\\/\\\/electropol.com.co\\\/blog\\\/prueba-2\\\/\",\"name\":\"Prueba - Rayo-Resistente. Electropol Colombia Distribuidor de Weidm\u00fcller\",\"isPartOf\":{\"@id\":\"https:\\\/\\\/electropol.com.co\\\/blog\\\/#website\"},\"datePublished\":\"2023-11-20T20:04:52+00:00\",\"dateModified\":\"2023-11-20T20:04:54+00:00\",\"breadcrumb\":{\"@id\":\"https:\\\/\\\/electropol.com.co\\\/blog\\\/prueba-2\\\/#breadcrumb\"},\"inLanguage\":\"es\",\"potentialAction\":[{\"@type\":\"ReadAction\",\"target\":[\"https:\\\/\\\/electropol.com.co\\\/blog\\\/prueba-2\\\/\"]}]},{\"@type\":\"BreadcrumbList\",\"@id\":\"https:\\\/\\\/electropol.com.co\\\/blog\\\/prueba-2\\\/#breadcrumb\",\"itemListElement\":[{\"@type\":\"ListItem\",\"position\":1,\"name\":\"Portada\",\"item\":\"https:\\\/\\\/electropol.com.co\\\/blog\\\/\"},{\"@type\":\"ListItem\",\"position\":2,\"name\":\"Prueba\"}]},{\"@type\":\"WebSite\",\"@id\":\"https:\\\/\\\/electropol.com.co\\\/blog\\\/#website\",\"url\":\"https:\\\/\\\/electropol.com.co\\\/blog\\\/\",\"name\":\"Rayo-Resistente. EPOL OIL SAS Representante de DEHN & S\u00d6HNE\",\"description\":\"Informaci\u00f3n especializada sobre pararrayos, DPS supresor el\u00e9ctrico, y normas t\u00e9cnicas para hacerlo rayo resistente\",\"publisher\":{\"@id\":\"https:\\\/\\\/electropol.com.co\\\/blog\\\/#organization\"},\"potentialAction\":[{\"@type\":\"SearchAction\",\"target\":{\"@type\":\"EntryPoint\",\"urlTemplate\":\"https:\\\/\\\/electropol.com.co\\\/blog\\\/?s={search_term_string}\"},\"query-input\":{\"@type\":\"PropertyValueSpecification\",\"valueRequired\":true,\"valueName\":\"search_term_string\"}}],\"inLanguage\":\"es\"},{\"@type\":\"Organization\",\"@id\":\"https:\\\/\\\/electropol.com.co\\\/blog\\\/#organization\",\"name\":\"Rayo-Resistente. EPOL OIL SAS Representante de DEHN & S\u00d6HNE\",\"url\":\"https:\\\/\\\/electropol.com.co\\\/blog\\\/\",\"logo\":{\"@type\":\"ImageObject\",\"inLanguage\":\"es\",\"@id\":\"https:\\\/\\\/electropol.com.co\\\/blog\\\/#\\\/schema\\\/logo\\\/image\\\/\",\"url\":\"https:\\\/\\\/www.electropol.com.co\\\/blog\\\/wp-content\\\/uploads\\\/2020\\\/03\\\/blog_logo.jpg\",\"contentUrl\":\"https:\\\/\\\/www.electropol.com.co\\\/blog\\\/wp-content\\\/uploads\\\/2020\\\/03\\\/blog_logo.jpg\",\"width\":173,\"height\":64,\"caption\":\"Rayo-Resistente. EPOL OIL SAS Representante de DEHN & S\u00d6HNE\"},\"image\":{\"@id\":\"https:\\\/\\\/electropol.com.co\\\/blog\\\/#\\\/schema\\\/logo\\\/image\\\/\"}}]}<\/script>\n<!-- \/ Yoast SEO plugin. -->","yoast_head_json":{"title":"Prueba - Rayo-Resistente. Electropol Colombia Distribuidor de Weidm\u00fcller","robots":{"index":"index","follow":"follow","max-snippet":"max-snippet:-1","max-image-preview":"max-image-preview:large","max-video-preview":"max-video-preview:-1"},"canonical":"https:\/\/electropol.com.co\/blog\/prueba-2\/","og_locale":"es_ES","og_type":"article","og_title":"Prueba - Rayo-Resistente. Electropol Colombia Distribuidor de Weidm\u00fcller","og_description":"YouTube Wonder Plugin Descarga de prueba","og_url":"https:\/\/electropol.com.co\/blog\/prueba-2\/","og_site_name":"Rayo-Resistente. Electropol Colombia Distribuidor de Weidm\u00fcller","article_modified_time":"2023-11-20T20:04:54+00:00","twitter_card":"summary_large_image","schema":{"@context":"https:\/\/schema.org","@graph":[{"@type":"WebPage","@id":"https:\/\/electropol.com.co\/blog\/prueba-2\/","url":"https:\/\/electropol.com.co\/blog\/prueba-2\/","name":"Prueba - Rayo-Resistente. Electropol Colombia Distribuidor de Weidm\u00fcller","isPartOf":{"@id":"https:\/\/electropol.com.co\/blog\/#website"},"datePublished":"2023-11-20T20:04:52+00:00","dateModified":"2023-11-20T20:04:54+00:00","breadcrumb":{"@id":"https:\/\/electropol.com.co\/blog\/prueba-2\/#breadcrumb"},"inLanguage":"es","potentialAction":[{"@type":"ReadAction","target":["https:\/\/electropol.com.co\/blog\/prueba-2\/"]}]},{"@type":"BreadcrumbList","@id":"https:\/\/electropol.com.co\/blog\/prueba-2\/#breadcrumb","itemListElement":[{"@type":"ListItem","position":1,"name":"Portada","item":"https:\/\/electropol.com.co\/blog\/"},{"@type":"ListItem","position":2,"name":"Prueba"}]},{"@type":"WebSite","@id":"https:\/\/electropol.com.co\/blog\/#website","url":"https:\/\/electropol.com.co\/blog\/","name":"Rayo-Resistente. EPOL OIL SAS Representante de DEHN & S\u00d6HNE","description":"Informaci\u00f3n especializada sobre pararrayos, DPS supresor el\u00e9ctrico, y normas t\u00e9cnicas para hacerlo rayo resistente","publisher":{"@id":"https:\/\/electropol.com.co\/blog\/#organization"},"potentialAction":[{"@type":"SearchAction","target":{"@type":"EntryPoint","urlTemplate":"https:\/\/electropol.com.co\/blog\/?s={search_term_string}"},"query-input":{"@type":"PropertyValueSpecification","valueRequired":true,"valueName":"search_term_string"}}],"inLanguage":"es"},{"@type":"Organization","@id":"https:\/\/electropol.com.co\/blog\/#organization","name":"Rayo-Resistente. EPOL OIL SAS Representante de DEHN & S\u00d6HNE","url":"https:\/\/electropol.com.co\/blog\/","logo":{"@type":"ImageObject","inLanguage":"es","@id":"https:\/\/electropol.com.co\/blog\/#\/schema\/logo\/image\/","url":"https:\/\/www.electropol.com.co\/blog\/wp-content\/uploads\/2020\/03\/blog_logo.jpg","contentUrl":"https:\/\/www.electropol.com.co\/blog\/wp-content\/uploads\/2020\/03\/blog_logo.jpg","width":173,"height":64,"caption":"Rayo-Resistente. EPOL OIL SAS Representante de DEHN & S\u00d6HNE"},"image":{"@id":"https:\/\/electropol.com.co\/blog\/#\/schema\/logo\/image\/"}}]}},"_links":{"self":[{"href":"https:\/\/electropol.com.co\/blog\/wp-json\/wp\/v2\/pages\/2130","targetHints":{"allow":["GET"]}}],"collection":[{"href":"https:\/\/electropol.com.co\/blog\/wp-json\/wp\/v2\/pages"}],"about":[{"href":"https:\/\/electropol.com.co\/blog\/wp-json\/wp\/v2\/types\/page"}],"author":[{"embeddable":true,"href":"https:\/\/electropol.com.co\/blog\/wp-json\/wp\/v2\/users\/6"}],"replies":[{"embeddable":true,"href":"https:\/\/electropol.com.co\/blog\/wp-json\/wp\/v2\/comments?post=2130"}],"version-history":[{"count":0,"href":"https:\/\/electropol.com.co\/blog\/wp-json\/wp\/v2\/pages\/2130\/revisions"}],"wp:attachment":[{"href":"https:\/\/electropol.com.co\/blog\/wp-json\/wp\/v2\/media?parent=2130"}],"curies":[{"name":"wp","href":"https:\/\/api.w.org\/{rel}","templated":true}]}}