{"id":1440,"date":"2016-07-27T16:00:27","date_gmt":"2016-07-27T21:00:27","guid":{"rendered":"http:\/\/www.electropol.com.co\/blog\/?page_id=1440"},"modified":"2016-07-27T16:03:05","modified_gmt":"2016-07-27T21:03:05","slug":"descargar-blitzplaner","status":"publish","type":"page","link":"https:\/\/electropol.com.co\/blog\/descargar-blitzplaner\/","title":{"rendered":"Blitzplaner: Manual de protecci\u00f3n contra rayos (E-BOOK Gratuito)"},"content":{"rendered":"<p>Aprende sobre<\/p>\n<p>protecci\u00f3n contra<\/p>\n<p>rayos y sobretensiones<\/p>\n<p>Blitzplaner eBook GRATIS<br \/>\nContenido t\u00e9cnico orientado a la pr\u00e1ctica<\/p>\n<p><!-- Begin MailChimp Signup Form --><\/p>\n<form id=\"mc-embedded-subscribe-form\" action=\"\/\/electropol.us10.list-manage.com\/subscribe\/post?u=4953dfac9ade64455946ec1ec&amp;id=4cdd32aad0\" method=\"post\" name=\"mc-embedded-subscribe-form\" novalidate=\"\" target=\"_blank\"><input id=\"mce-EMAIL\" style=\"padding: 2px 5px 2px 5px; width: 300px; height: 40px; line-height: 1; background-color: #4a73b0; border-style: none; text-align: center; color: #ffffff;\" title=\"Ingrese su correo electr\u00f3nico y presione enter\" name=\"EMAIL\" type=\"email\" placeholder=\"correo electr\u00f3nico\" \/><br \/>\n<!-- real people should not fill this in and expect good things - do not remove this or risk form bot signups--><br \/>\n<input tabindex=\"-1\" name=\"b_4953dfac9ade64455946ec1ec_4cdd32aad0\" type=\"text\" value=\"\" \/><br \/>\n<input id=\"mc-embedded-subscribe\" style=\"width: 300px; height: 40px; background-color: #db9600;\" name=\"subscribe\" type=\"submit\" value=\"D\u00c1MELO\" \/><input id=\"FUENTE\" name=\"FUENTE\" type=\"hidden\" value=\"BLITZPLANER-sup\" \/><\/form>\n<p><!--End mc_embed_signup--><\/p>\n<h1>Esto es lo que opinan del Blitzplaner nuestros lectores\u2026<\/h1>\n<p>Los felicito por su informaci\u00f3n tan valiosa sobre sistemas de protecci\u00f3n contra rayos.<\/p>\n<p><strong>Gustavo<\/strong><\/p>\n<p>Gracias por este manual tan completo y \u00fatil.<\/p>\n<p><strong>Carlos<\/strong><\/p>\n<p>Con frecuencia se necesitan protecciones adecuadas, que normalmente uno ni conoce o no sabe c\u00f3mo seleccionarlas.<\/p>\n<p><strong>Fabio<\/strong><\/p>\n<p>Doy gracias por este importante aporte y ayuda en el ejercicio profesional de la construcci\u00f3n bajo premisas de seguridad humana.<\/p>\n<p><strong>Arturo<\/strong><\/p>\n<p>Esta informaci\u00f3n ha despejado muchas dudas en lo respecta al peligro de las descargas el\u00e9ctricas o atmosf\u00e9ricas.<\/p>\n<p><strong>An\u00f3nimo<\/strong><\/p>\n<p><a href=\"https:\/\/www.dehn-international.com\/en\" target=\"_blank\"><br \/>\n<img decoding=\"async\" src=\"http:\/\/www.electropol.com.co\/blog\/wp-content\/uploads\/2014\/05\/logo-dehn.png\" alt=\"dehn\" \/><br \/>\n<\/a><\/p>\n<p>Recomendado por<br \/>\n<strong> <a href=\"https:\/\/www.dehn-international.com\/en\" target=\"_blank\">DEHN + S\u00d6HNE<\/a><\/strong><br \/>\nPioneros en protecci\u00f3n contra rayos<\/p>\n<h1>En este manual t\u00e9cnico de protecci\u00f3n contra rayos\u2026<\/h1>\n<p><strong>ENCUENTRA<\/strong><br \/>\ntodo sobre rayos<\/p>\n<p><strong>APRENDA<\/strong><br \/>\na seleccionar DPS<\/p>\n<p><strong>CONOZCA<\/strong><br \/>\nejemplos de aplicaci\u00f3n<\/p>\n<p><strong>DISE\u00d1E<\/strong><br \/>\nsistemas de protecci\u00f3n<\/p>\n<p><strong>DOMINE<\/strong><br \/>\nt\u00e9cnicas de instalaci\u00f3n<\/p>\n<p><strong>RESUELVA<\/strong><br \/>\nproblemas complejos<br \/>\n<img decoding=\"async\" src=\"http:\/\/www.electropol.com.co\/blog\/wp-content\/uploads\/2014\/05\/blitzplaner-contenido-1.gif\" alt=\"Contenido del Blitzplaner\" \/><\/p>\n<h2>Contenido<\/h2>\n<ul>\n<li>Estado de la t\u00e9cnica para instalaci\u00f3n<\/li>\n<li>Valores caracter\u00edsticos de la corriente de rayo<\/li>\n<li>Dise\u00f1o de un sistema de protecci\u00f3n contra rayos<\/li>\n<li>Sistema de protecci\u00f3n contra rayos<\/li>\n<li>Protecci\u00f3n externa contra rayos<\/li>\n<li>Protecci\u00f3n interna contra rayos<\/li>\n<li>Protecci\u00f3n de sistemas el\u00e9ctricos y electr\u00f3nicos contra LEMP<\/li>\n<li>Selecci\u00f3n, instalaci\u00f3n y montaje de DPS<\/li>\n<li>Ejemplos de aplicaci\u00f3n<\/li>\n<\/ul>\n<p>&nbsp;<\/p>\n<p>\u00a1\u00daNETE +1.000 DESCARGAS!<\/p>\n<p><!-- Begin MailChimp Signup Form --><\/p>\n<form id=\"mc-embedded-subscribe-form\" action=\"\/\/electropol.us10.list-manage.com\/subscribe\/post?u=4953dfac9ade64455946ec1ec&amp;id=4cdd32aad0\" method=\"post\" name=\"mc-embedded-subscribe-form\" novalidate=\"\" target=\"_blank\"><input id=\"mce-EMAIL\" style=\"padding: 2px 5px 2px 5px; width: 300px; height: 40px; line-height: 1; background-color: #ffffff; border-style: none; text-align: center;\" title=\"Ingrese su correo electr\u00f3nico y presione enter\" name=\"EMAIL\" type=\"email\" placeholder=\"correo electr\u00f3nico\" \/><br \/>\n<!-- real people should not fill this in and expect good things - do not remove this or risk form bot signups--><br \/>\n<input tabindex=\"-1\" name=\"b_4953dfac9ade64455946ec1ec_4cdd32aad0\" type=\"text\" value=\"\" \/><br \/>\n<input id=\"mc-embedded-subscribe\" style=\"width: 300px; height: 40px; background-color: #e42729;\" name=\"subscribe\" type=\"submit\" value=\"Descarga YA\" \/><input id=\"FUENTE\" name=\"FUENTE\" type=\"hidden\" value=\"BLITZPLANER-med\" \/><\/form>\n<p><!--End mc_embed_signup--><\/p>\n<h2>Sinopsis<\/h2>\n<p>Manual de <strong>protecci\u00f3n integral contra rayos y sobretensiones<\/strong> con alto contenido t\u00e9cnico, <strong>orientado a la pr\u00e1ctica<\/strong>, que ofrece al lector abundante informaci\u00f3n sobre:<\/p>\n<ul>\n<li>Conceptos fundamentales<\/li>\n<li>Principios b\u00e1sicos<\/li>\n<li>Normativa internacional vigente<\/li>\n<\/ul>\n<p><img decoding=\"async\" src=\"http:\/\/www.electropol.com.co\/blog\/wp-content\/uploads\/2014\/05\/blitzplaner-sinopsis.jpg\" alt=\"Sinopsis del Blitzplaner\" \/><br \/>\n<img decoding=\"async\" src=\"http:\/\/www.electropol.com.co\/blog\/wp-content\/uploads\/2014\/05\/blitzplaner-formato-atrativo-300x300.gif\" alt=\"Blitzplaner dise\u00f1ado con un formato atractivo\" \/><\/p>\n<p>Se presenta en un <strong>atractivo formato<\/strong> que aporta numerosas:<\/p>\n<ul>\n<li>Tablas<\/li>\n<li>Fotograf\u00edas<\/li>\n<li>Informaci\u00f3n gr\u00e1fica<\/li>\n<\/ul>\n<p>Complementando e ilustrando los contenidos t\u00e9cnicos de los diferentes cap\u00edtulos que lo conforman.<\/p>\n<p>[email-download download_id=\u00bb1&#8243; contact_form_id=\u00bb397&#8243;]<\/p>\n<p><b>Notas:<\/b><br \/>\nPara aprender c\u00f3mo descomprimir el archivo descargado (*.zip) <a href=\"http:\/\/youtu.be\/c2RSncq4cfI?t=1m\" target=\"_blank\">vea este video<\/a>.<\/p>\n<p>Si no encuentras el correo, favor revisa en la carpeta correo no deseado o spam y\/o prueba con otra cuenta de correo.<\/p>\n<p><b>Privacidad:<\/b> odiamos el spam, su informaci\u00f3n estar\u00e1 segura con nosotros.<\/p>\n<!-- AddThis Advanced Settings generic via filter on the_content --><!-- AddThis Share Buttons generic via filter on the_content -->","protected":false},"excerpt":{"rendered":"<p>Aprende sobre protecci\u00f3n contra rayos y sobretensiones Blitzplaner eBook GRATIS Contenido t\u00e9cnico orientado a la pr\u00e1ctica Esto es lo que opinan del Blitzplaner nuestros lectores\u2026 Los felicito por su informaci\u00f3n tan valiosa sobre sistemas de protecci\u00f3n contra rayos. Gustavo Gracias por este manual tan completo y \u00fatil. Carlos Con frecuencia se necesitan protecciones adecuadas, que &#8230; <a title=\"Blitzplaner: Manual de protecci\u00f3n contra rayos (E-BOOK Gratuito)\" class=\"read-more\" href=\"https:\/\/electropol.com.co\/blog\/descargar-blitzplaner\/\">Leer<\/a><!-- AddThis Advanced Settings generic via filter on get_the_excerpt --><!-- AddThis Share Buttons generic via filter on get_the_excerpt --><\/p>\n","protected":false},"author":6,"featured_media":0,"parent":0,"menu_order":0,"comment_status":"open","ping_status":"open","template":"","meta":{"footnotes":""},"class_list":["post-1440","page","type-page","status-publish"],"yoast_head":"<!-- This site is optimized with the Yoast SEO plugin v27.4 - https:\/\/yoast.com\/product\/yoast-seo-wordpress\/ -->\n<title>Blitzplaner: Manual de protecci\u00f3n contra rayos<\/title>\n<meta name=\"description\" content=\"Aprende sobre protecci\u00f3n contra rayos y sobretensiones. Contenido t\u00e9cnico orientado a la pr\u00e1ctica. Blitzplaner eBook GRATIS\" \/>\n<meta name=\"robots\" content=\"index, follow, max-snippet:-1, max-image-preview:large, max-video-preview:-1\" \/>\n<link rel=\"canonical\" href=\"https:\/\/electropol.com.co\/blog\/descargar-blitzplaner\/\" \/>\n<meta property=\"og:locale\" content=\"es_ES\" \/>\n<meta property=\"og:type\" content=\"article\" \/>\n<meta property=\"og:title\" content=\"Blitzplaner: Manual de protecci\u00f3n contra rayos\" \/>\n<meta property=\"og:description\" content=\"Aprende sobre protecci\u00f3n contra rayos y sobretensiones. Contenido t\u00e9cnico orientado a la pr\u00e1ctica. Blitzplaner eBook GRATIS\" \/>\n<meta property=\"og:url\" content=\"https:\/\/electropol.com.co\/blog\/descargar-blitzplaner\/\" \/>\n<meta property=\"og:site_name\" content=\"Rayo-Resistente. Electropol Colombia Distribuidor de Weidm\u00fcller\" \/>\n<meta property=\"article:modified_time\" content=\"2016-07-27T21:03:05+00:00\" \/>\n<meta property=\"og:image\" content=\"http:\/\/www.electropol.com.co\/blog\/wp-content\/uploads\/2014\/05\/logo-dehn.png\" \/>\n<meta name=\"twitter:card\" content=\"summary_large_image\" \/>\n<meta name=\"twitter:label1\" content=\"Tiempo de lectura\" \/>\n\t<meta name=\"twitter:data1\" content=\"2 minutos\" \/>\n<script type=\"application\/ld+json\" class=\"yoast-schema-graph\">{\"@context\":\"https:\\\/\\\/schema.org\",\"@graph\":[{\"@type\":\"WebPage\",\"@id\":\"https:\\\/\\\/electropol.com.co\\\/blog\\\/descargar-blitzplaner\\\/\",\"url\":\"https:\\\/\\\/electropol.com.co\\\/blog\\\/descargar-blitzplaner\\\/\",\"name\":\"Blitzplaner: Manual de protecci\u00f3n contra rayos\",\"isPartOf\":{\"@id\":\"https:\\\/\\\/electropol.com.co\\\/blog\\\/#website\"},\"primaryImageOfPage\":{\"@id\":\"https:\\\/\\\/electropol.com.co\\\/blog\\\/descargar-blitzplaner\\\/#primaryimage\"},\"image\":{\"@id\":\"https:\\\/\\\/electropol.com.co\\\/blog\\\/descargar-blitzplaner\\\/#primaryimage\"},\"thumbnailUrl\":\"http:\\\/\\\/www.electropol.com.co\\\/blog\\\/wp-content\\\/uploads\\\/2014\\\/05\\\/logo-dehn.png\",\"datePublished\":\"2016-07-27T21:00:27+00:00\",\"dateModified\":\"2016-07-27T21:03:05+00:00\",\"description\":\"Aprende sobre protecci\u00f3n contra rayos y sobretensiones. Contenido t\u00e9cnico orientado a la pr\u00e1ctica. Blitzplaner eBook GRATIS\",\"breadcrumb\":{\"@id\":\"https:\\\/\\\/electropol.com.co\\\/blog\\\/descargar-blitzplaner\\\/#breadcrumb\"},\"inLanguage\":\"es\",\"potentialAction\":[{\"@type\":\"ReadAction\",\"target\":[\"https:\\\/\\\/electropol.com.co\\\/blog\\\/descargar-blitzplaner\\\/\"]}]},{\"@type\":\"ImageObject\",\"inLanguage\":\"es\",\"@id\":\"https:\\\/\\\/electropol.com.co\\\/blog\\\/descargar-blitzplaner\\\/#primaryimage\",\"url\":\"http:\\\/\\\/www.electropol.com.co\\\/blog\\\/wp-content\\\/uploads\\\/2014\\\/05\\\/logo-dehn.png\",\"contentUrl\":\"http:\\\/\\\/www.electropol.com.co\\\/blog\\\/wp-content\\\/uploads\\\/2014\\\/05\\\/logo-dehn.png\"},{\"@type\":\"BreadcrumbList\",\"@id\":\"https:\\\/\\\/electropol.com.co\\\/blog\\\/descargar-blitzplaner\\\/#breadcrumb\",\"itemListElement\":[{\"@type\":\"ListItem\",\"position\":1,\"name\":\"Portada\",\"item\":\"https:\\\/\\\/electropol.com.co\\\/blog\\\/\"},{\"@type\":\"ListItem\",\"position\":2,\"name\":\"Blitzplaner: Manual de protecci\u00f3n contra rayos (E-BOOK Gratuito)\"}]},{\"@type\":\"WebSite\",\"@id\":\"https:\\\/\\\/electropol.com.co\\\/blog\\\/#website\",\"url\":\"https:\\\/\\\/electropol.com.co\\\/blog\\\/\",\"name\":\"Rayo-Resistente. EPOL OIL SAS Representante de DEHN & S\u00d6HNE\",\"description\":\"Informaci\u00f3n especializada sobre pararrayos, DPS supresor el\u00e9ctrico, y normas t\u00e9cnicas para hacerlo rayo resistente\",\"publisher\":{\"@id\":\"https:\\\/\\\/electropol.com.co\\\/blog\\\/#organization\"},\"potentialAction\":[{\"@type\":\"SearchAction\",\"target\":{\"@type\":\"EntryPoint\",\"urlTemplate\":\"https:\\\/\\\/electropol.com.co\\\/blog\\\/?s={search_term_string}\"},\"query-input\":{\"@type\":\"PropertyValueSpecification\",\"valueRequired\":true,\"valueName\":\"search_term_string\"}}],\"inLanguage\":\"es\"},{\"@type\":\"Organization\",\"@id\":\"https:\\\/\\\/electropol.com.co\\\/blog\\\/#organization\",\"name\":\"Rayo-Resistente. EPOL OIL SAS Representante de DEHN & S\u00d6HNE\",\"url\":\"https:\\\/\\\/electropol.com.co\\\/blog\\\/\",\"logo\":{\"@type\":\"ImageObject\",\"inLanguage\":\"es\",\"@id\":\"https:\\\/\\\/electropol.com.co\\\/blog\\\/#\\\/schema\\\/logo\\\/image\\\/\",\"url\":\"https:\\\/\\\/www.electropol.com.co\\\/blog\\\/wp-content\\\/uploads\\\/2020\\\/03\\\/blog_logo.jpg\",\"contentUrl\":\"https:\\\/\\\/www.electropol.com.co\\\/blog\\\/wp-content\\\/uploads\\\/2020\\\/03\\\/blog_logo.jpg\",\"width\":173,\"height\":64,\"caption\":\"Rayo-Resistente. EPOL OIL SAS Representante de DEHN & S\u00d6HNE\"},\"image\":{\"@id\":\"https:\\\/\\\/electropol.com.co\\\/blog\\\/#\\\/schema\\\/logo\\\/image\\\/\"}}]}<\/script>\n<!-- \/ Yoast SEO plugin. -->","yoast_head_json":{"title":"Blitzplaner: Manual de protecci\u00f3n contra rayos","description":"Aprende sobre protecci\u00f3n contra rayos y sobretensiones. Contenido t\u00e9cnico orientado a la pr\u00e1ctica. Blitzplaner eBook GRATIS","robots":{"index":"index","follow":"follow","max-snippet":"max-snippet:-1","max-image-preview":"max-image-preview:large","max-video-preview":"max-video-preview:-1"},"canonical":"https:\/\/electropol.com.co\/blog\/descargar-blitzplaner\/","og_locale":"es_ES","og_type":"article","og_title":"Blitzplaner: Manual de protecci\u00f3n contra rayos","og_description":"Aprende sobre protecci\u00f3n contra rayos y sobretensiones. Contenido t\u00e9cnico orientado a la pr\u00e1ctica. Blitzplaner eBook GRATIS","og_url":"https:\/\/electropol.com.co\/blog\/descargar-blitzplaner\/","og_site_name":"Rayo-Resistente. Electropol Colombia Distribuidor de Weidm\u00fcller","article_modified_time":"2016-07-27T21:03:05+00:00","og_image":[{"url":"http:\/\/www.electropol.com.co\/blog\/wp-content\/uploads\/2014\/05\/logo-dehn.png","type":"","width":"","height":""}],"twitter_card":"summary_large_image","twitter_misc":{"Tiempo de lectura":"2 minutos"},"schema":{"@context":"https:\/\/schema.org","@graph":[{"@type":"WebPage","@id":"https:\/\/electropol.com.co\/blog\/descargar-blitzplaner\/","url":"https:\/\/electropol.com.co\/blog\/descargar-blitzplaner\/","name":"Blitzplaner: Manual de protecci\u00f3n contra rayos","isPartOf":{"@id":"https:\/\/electropol.com.co\/blog\/#website"},"primaryImageOfPage":{"@id":"https:\/\/electropol.com.co\/blog\/descargar-blitzplaner\/#primaryimage"},"image":{"@id":"https:\/\/electropol.com.co\/blog\/descargar-blitzplaner\/#primaryimage"},"thumbnailUrl":"http:\/\/www.electropol.com.co\/blog\/wp-content\/uploads\/2014\/05\/logo-dehn.png","datePublished":"2016-07-27T21:00:27+00:00","dateModified":"2016-07-27T21:03:05+00:00","description":"Aprende sobre protecci\u00f3n contra rayos y sobretensiones. Contenido t\u00e9cnico orientado a la pr\u00e1ctica. Blitzplaner eBook GRATIS","breadcrumb":{"@id":"https:\/\/electropol.com.co\/blog\/descargar-blitzplaner\/#breadcrumb"},"inLanguage":"es","potentialAction":[{"@type":"ReadAction","target":["https:\/\/electropol.com.co\/blog\/descargar-blitzplaner\/"]}]},{"@type":"ImageObject","inLanguage":"es","@id":"https:\/\/electropol.com.co\/blog\/descargar-blitzplaner\/#primaryimage","url":"http:\/\/www.electropol.com.co\/blog\/wp-content\/uploads\/2014\/05\/logo-dehn.png","contentUrl":"http:\/\/www.electropol.com.co\/blog\/wp-content\/uploads\/2014\/05\/logo-dehn.png"},{"@type":"BreadcrumbList","@id":"https:\/\/electropol.com.co\/blog\/descargar-blitzplaner\/#breadcrumb","itemListElement":[{"@type":"ListItem","position":1,"name":"Portada","item":"https:\/\/electropol.com.co\/blog\/"},{"@type":"ListItem","position":2,"name":"Blitzplaner: Manual de protecci\u00f3n contra rayos (E-BOOK Gratuito)"}]},{"@type":"WebSite","@id":"https:\/\/electropol.com.co\/blog\/#website","url":"https:\/\/electropol.com.co\/blog\/","name":"Rayo-Resistente. EPOL OIL SAS Representante de DEHN & S\u00d6HNE","description":"Informaci\u00f3n especializada sobre pararrayos, DPS supresor el\u00e9ctrico, y normas t\u00e9cnicas para hacerlo rayo resistente","publisher":{"@id":"https:\/\/electropol.com.co\/blog\/#organization"},"potentialAction":[{"@type":"SearchAction","target":{"@type":"EntryPoint","urlTemplate":"https:\/\/electropol.com.co\/blog\/?s={search_term_string}"},"query-input":{"@type":"PropertyValueSpecification","valueRequired":true,"valueName":"search_term_string"}}],"inLanguage":"es"},{"@type":"Organization","@id":"https:\/\/electropol.com.co\/blog\/#organization","name":"Rayo-Resistente. EPOL OIL SAS Representante de DEHN & S\u00d6HNE","url":"https:\/\/electropol.com.co\/blog\/","logo":{"@type":"ImageObject","inLanguage":"es","@id":"https:\/\/electropol.com.co\/blog\/#\/schema\/logo\/image\/","url":"https:\/\/www.electropol.com.co\/blog\/wp-content\/uploads\/2020\/03\/blog_logo.jpg","contentUrl":"https:\/\/www.electropol.com.co\/blog\/wp-content\/uploads\/2020\/03\/blog_logo.jpg","width":173,"height":64,"caption":"Rayo-Resistente. EPOL OIL SAS Representante de DEHN & S\u00d6HNE"},"image":{"@id":"https:\/\/electropol.com.co\/blog\/#\/schema\/logo\/image\/"}}]}},"_links":{"self":[{"href":"https:\/\/electropol.com.co\/blog\/wp-json\/wp\/v2\/pages\/1440","targetHints":{"allow":["GET"]}}],"collection":[{"href":"https:\/\/electropol.com.co\/blog\/wp-json\/wp\/v2\/pages"}],"about":[{"href":"https:\/\/electropol.com.co\/blog\/wp-json\/wp\/v2\/types\/page"}],"author":[{"embeddable":true,"href":"https:\/\/electropol.com.co\/blog\/wp-json\/wp\/v2\/users\/6"}],"replies":[{"embeddable":true,"href":"https:\/\/electropol.com.co\/blog\/wp-json\/wp\/v2\/comments?post=1440"}],"version-history":[{"count":0,"href":"https:\/\/electropol.com.co\/blog\/wp-json\/wp\/v2\/pages\/1440\/revisions"}],"wp:attachment":[{"href":"https:\/\/electropol.com.co\/blog\/wp-json\/wp\/v2\/media?parent=1440"}],"curies":[{"name":"wp","href":"https:\/\/api.w.org\/{rel}","templated":true}]}}