{"id":1197,"date":"2016-05-04T17:35:19","date_gmt":"2016-05-04T22:35:19","guid":{"rendered":"http:\/\/www.electropol.com.co\/blog\/?page_id=1197"},"modified":"2019-11-14T16:56:56","modified_gmt":"2019-11-14T21:56:56","slug":"serie-e-books-supresor-de-picos-electrico-todo-lo-que-necesitas-saber","status":"publish","type":"page","link":"https:\/\/electropol.com.co\/blog\/serie-e-books-supresor-de-picos-electrico-todo-lo-que-necesitas-saber\/","title":{"rendered":"Serie e-Books: Supresor de picos el\u00e9ctrico, todo lo que necesitas saber"},"content":{"rendered":"<p>\t\t\t\t<img decoding=\"async\" src=\"http:\/\/www.electropol.com.co\/blog\/wp-content\/uploads\/2016\/10\/serie-ebooks-supresor-de-picos-electrico-todo-lo-que-necesitas-saber-packx4.jpg\" alt=\"Serie de eBooks: Supresor de picos el\u00e9ctrico todo lo que necesitas saber\" itemprop=\"image\"  \/><\/p>\n<h2 style=\"text-align: center;\">Serie de eBooks<br \/>\nSupresor de picos el\u00e9ctrico, todo lo que necesitas saber<\/h2>\n<p style=\"text-align: center;\"><strong>\u00a1Adquiere YA!<\/strong><br \/>\n<strong>Pack x4 e-books GRATIS<\/strong><br \/>\nDescubre todo lo que necesitas saber<br \/>\nsobre este dispositivo de protecci\u00f3n contra rayos y sobretensiones.<\/p>\n<div class='w3eden'><!-- WPDM Link Template: Default Template -->\n\n<div class=\"link-template-default card mb-2\">\n    <div class=\"card-body\">\n        <div class=\"media\">\n            <div class=\"mr-3 img-48\"><img decoding=\"async\" class=\"wpdm_icon\" alt=\"Icono\" src=\"https:\/\/electropol.com.co\/blog\/wp-content\/plugins\/download-manager\/assets\/file-type-icons\/zip.svg\" \/><\/div>\n            <div class=\"media-body\">\n                <h3 class=\"package-title\"><a href='https:\/\/electropol.com.co\/blog\/download\/serie-de-ebooks-supresor-de-picos-electrico-todo-lo-que-necesitas-saber\/'>Serie de Ebooks supresor de picos el\u00e9ctrico todo lo que necesitas saber<\/a><\/h3>\n                <div class=\"text-muted text-small\"><i class=\"fas fa-copy\"><\/i> 1 archivo(s) <i class=\"fas fa-hdd ml-3\"><\/i> 8.63 MB<\/div>\n            <\/div>\n            <div class=\"ml-3\">\n                <a class='wpdm-download-link download-on-click btn btn-primary ' rel='nofollow' href='#' data-downloadurl=\"https:\/\/electropol.com.co\/blog\/download\/serie-de-ebooks-supresor-de-picos-electrico-todo-lo-que-necesitas-saber\/?wpdmdl=2515&refresh=69d512c076ea41775571648\">Descargar<\/a>\n            <\/div>\n        <\/div>\n    <\/div>\n<\/div>\n\n<\/div>\n<p><b>Notas:<\/b><br \/>Para aprender c\u00f3mo descomprimir el archivo descargado (*.zip) <a href=\"http:\/\/youtu.be\/c2RSncq4cfI?t=1m\" target=\"_blank\" rel=\"noopener noreferrer\">vea este video<\/a>. Si no encuentras el correo, favor revisa en la carpeta correo no deseado o spam y\/o prueba con otra cuenta de correo.<\/p>\n<p><b>Privacidad:<\/b> odiamos el spam, su informaci\u00f3n estar\u00e1 segura con nosotros.<\/p>\n<p>\u201cM\u00e1s vale supresor seguro que<br \/>\nsupresor sin seguro\u201d.<\/p>\n<h2>\n\t\t<a href=\"http:\/\/www.electropol.com.co\/blog\/conoce-autores-pedro-duran-jaimes\/\" title=\"\u00bfQui\u00e9n lo escribi\u00f3?\" target=\"_self\" rel=\"noopener noreferrer\"><br \/>\n\t\t\u00bfQui\u00e9n lo escribi\u00f3?<br \/>\n\t\t<\/a><br \/>\n\t<\/h2>\n<p>\t\t\t\t<a href=\"http:\/\/www.electropol.com.co\/blog\/conoce-autores-pedro-duran-jaimes\/\" target=\"_blank\" itemprop=\"url\" rel=\"noopener noreferrer\"><br \/>\n\t\t\t\t<img decoding=\"async\" src=\"http:\/\/www.electropol.com.co\/blog\/wp-content\/uploads\/2016\/03\/pedro-duran.jpg\" alt=\"Pedro Duran Jaimes\" itemprop=\"image\"  \/><br \/>\n\t\t\t\t<\/a><\/p>\n<h3>\n\t\t<a href=\"http:\/\/www.electropol.com.co\/blog\/conoce-autores-pedro-duran-jaimes\/\" title=\"Pedro Duran Jaimes\" target=\"_self\" rel=\"noopener noreferrer\"><br \/>\n\t\tPedro Duran Jaimes<br \/>\n\t\t<\/a><br \/>\n\t<\/h3>\n<p>Experto en protecci\u00f3n contra rayos y sobretensiones, fundador de <strong><a href=\"http:\/\/www.electropol.com.co\/\" target=\"_blank\" rel=\"noopener noreferrer\">ELECTROPOL LTDA.<\/a><\/strong>, asesor en cientos de proyectos de dise\u00f1o y consultor\u00edas.<\/p>\n<p>\t<a href=\"http:\/\/www.electropol.com.co\/blog\/conoce-autores-pedro-duran-jaimes\/\" target=\"_blank\" role=\"button\" rel=\"noopener noreferrer\"><br \/>\n\t\t\t\t\t\tConoce al autor<br \/>\n\t\t\t\t\t<\/a><\/p>\n<h2>eBook-1<\/h2>\n<ul>\n<li>\u00bfEste libro es para m\u00ed?<\/li>\n<li>\u00a0INTRODUCCI\u00d3N\n<ul>\n<li>\u00bfQu\u00e9 es un supresor de picos el\u00e9ctrico?<\/li>\n<\/ul>\n<\/li>\n<li>DIFERENCIAS\n<ul>\n<li>Rayos Vs. Sobretensiones<\/li>\n<\/ul>\n<\/li>\n<li>CLASES\n<ul>\n<li>\u00bfCu\u00e1les son las clases de supresores de picos?<\/li>\n<li>Supresor de picos &#8211; Clase I<\/li>\n<li>Supresor de picos &#8211; Clase II<\/li>\n<li>Supresor de picos &#8211; Clase III<\/li>\n<\/ul>\n<\/li>\n<\/ul>\n<h2>eBook-2<\/h2>\n<ul>\n<li>CLASE I\n<ul>\n<li>\u00bfCu\u00e1les son las diferencias de los supresores Clase I?<\/li>\n<li>Protege equipo electr\u00f3nico final<br \/><em>Tipo 1 + Tipo 2 + Tipo 3<\/em><\/li>\n<li>Limita y apaga<br \/><em>el cortocircuito<\/em><\/li>\n<li>Se\u00f1alizaci\u00f3n de estado<br \/><em>en todos los polos<\/em><\/li>\n<li>Contacto FM<br \/><em>para monitoreo remoto de cada polo<\/em><\/li>\n<li>No requiere fusible previo<br \/><em>al incluir con fusible integrado<\/em><\/li>\n<li>M\u00e1xima corriente de corto circuito<br \/><em>prospectiva 100 kA<sub>eff<\/sub>, 220 kA<sub>pico<\/sub><\/em><\/li>\n<li>M\u00f3dulos enchufables<br \/><em>con clic de seguridad<\/em><\/li>\n<\/ul>\n<\/li>\n<\/ul>\n<h2>eBook-3<\/h2>\n<ul>\n<li>\u00bfEste libro es para m\u00ed?<\/li>\n<li>\u00a0INTRODUCCI\u00d3N<\/li>\n<li>CLASE II\n<ul>\n<li>Simple Vs. Completo<\/li>\n<li>Cortocircuito<\/li>\n<li>Vida \u00fatil agotada<\/li>\n<li>Caso real<\/li>\n<\/ul>\n<\/li>\n<li>APLICACIONES ESPECIALES\n<ul>\n<li>M\u00e1quinas con CNC<br \/>\n<em>Control Num\u00e9rico Computarizado<\/em><\/li>\n<li>Equipos de radiolog\u00eda<\/li>\n<li>Vivienda familiar<\/li>\n<li>Dimensionamiento<\/li>\n<li>Tama\u00f1o f\u00edsico<\/li>\n<\/ul>\n<\/li>\n<\/ul>\n<h2>eBook-4<\/h2>\n<ul>\n<li>\u00bfEste libro es para m\u00ed?<\/li>\n<li>\u00a0INTRODUCCI\u00d3N\n<ul>\n<li>\u00bfQu\u00e9 es lo m\u00e1s relevante de un supresor de picos?<\/li>\n<\/ul>\n<\/li>\n<li>#1 SEGURIDAD PARA EQUIPOS ELECTR\u00d3NICOS\n<ul>\n<li>Nivel de tensi\u00f3n<br \/>\n<em>tensi\u00f3n nominal<\/em><\/li>\n<li>Nivel de protecci\u00f3n<\/li>\n<li>Coordinaci\u00f3n energ\u00e9tica<br \/>\n<em>con el equipo electr\u00f3nico final a proteger<\/em><\/li>\n<li>Nivel de corriente de descarga<\/li>\n<li>Energ\u00eda espec\u00edfica<\/li>\n<\/ul>\n<\/li>\n<li>#2 SEGURIDAD PARA INSTALACI\u00d3N EL\u00c9CTRICA\n<ul>\n<li>Tama\u00f1o f\u00edsico<\/li>\n<li>Fusible previo m\u00e1ximo<\/li>\n<li>Limitaci\u00f3n de corriente residual<\/li>\n<li>Resistencia a corriente de cortocircuito<\/li>\n<li>Indicador de estado<\/li>\n<\/ul>\n<\/li>\n<li>#3 SEGURIDAD ECON\u00d3MICA\n<ul>\n<li>Precio<\/li>\n<li>Tecnolog\u00eda<\/li>\n<li>Garant\u00eda<\/li>\n<li>Certificaciones aprobadas<\/li>\n<\/ul>\n<\/li>\n<li>CONCLUSI\u00d3N<\/li>\n<\/ul>\n<!-- AddThis Advanced Settings generic via filter on the_content --><!-- AddThis Share Buttons generic via filter on the_content -->","protected":false},"excerpt":{"rendered":"<p>Serie de eBooks Supresor de picos el\u00e9ctrico, todo lo que necesitas saber \u00a1Adquiere YA! Pack x4 e-books GRATIS Descubre todo lo que necesitas saber sobre este dispositivo de protecci\u00f3n contra rayos y sobretensiones. Notas:Para aprender c\u00f3mo descomprimir el archivo descargado (*.zip) vea este video. Si no encuentras el correo, favor revisa en la carpeta correo &#8230; <a title=\"Serie e-Books: Supresor de picos el\u00e9ctrico, todo lo que necesitas saber\" class=\"read-more\" href=\"https:\/\/electropol.com.co\/blog\/serie-e-books-supresor-de-picos-electrico-todo-lo-que-necesitas-saber\/\">Leer<\/a><!-- AddThis Advanced Settings generic via filter on get_the_excerpt --><!-- AddThis Share Buttons generic via filter on get_the_excerpt --><\/p>\n","protected":false},"author":6,"featured_media":0,"parent":0,"menu_order":0,"comment_status":"open","ping_status":"closed","template":"","meta":{"footnotes":""},"class_list":["post-1197","page","type-page","status-publish"],"yoast_head":"<!-- This site is optimized with the Yoast SEO plugin v27.3 - https:\/\/yoast.com\/product\/yoast-seo-wordpress\/ -->\n<title>Supresor de picos el\u00e9ctrico todo lo que necesitas saber<\/title>\n<meta name=\"description\" content=\"\u00a1Adquiere YA! Serie de eBooks sobre rayos GRATIS: Supresor de picos el\u00e9ctrico todo lo que necesitas saber sobre protecci\u00f3n contra rayos y sobretensiones.\" \/>\n<meta name=\"robots\" content=\"index, follow, max-snippet:-1, max-image-preview:large, max-video-preview:-1\" \/>\n<link rel=\"canonical\" href=\"https:\/\/electropol.com.co\/blog\/serie-e-books-supresor-de-picos-electrico-todo-lo-que-necesitas-saber\/\" \/>\n<meta property=\"og:locale\" content=\"es_ES\" \/>\n<meta property=\"og:type\" content=\"article\" \/>\n<meta property=\"og:title\" content=\"Supresor de picos el\u00e9ctrico todo lo que necesitas saber\" \/>\n<meta property=\"og:description\" content=\"\u00a1Adquiere YA! Serie de eBooks sobre rayos GRATIS: Supresor de picos el\u00e9ctrico todo lo que necesitas saber sobre protecci\u00f3n contra rayos y sobretensiones.\" \/>\n<meta property=\"og:url\" content=\"https:\/\/electropol.com.co\/blog\/serie-e-books-supresor-de-picos-electrico-todo-lo-que-necesitas-saber\/\" \/>\n<meta property=\"og:site_name\" content=\"Rayo-Resistente. Electropol Colombia Distribuidor de Weidm\u00fcller\" \/>\n<meta property=\"article:modified_time\" content=\"2019-11-14T21:56:56+00:00\" \/>\n<meta property=\"og:image\" content=\"http:\/\/www.electropol.com.co\/blog\/wp-content\/uploads\/2016\/10\/serie-ebooks-supresor-de-picos-electrico-todo-lo-que-necesitas-saber-packx4.jpg\" \/>\n<meta name=\"twitter:card\" content=\"summary_large_image\" \/>\n<meta name=\"twitter:label1\" content=\"Tiempo de lectura\" \/>\n\t<meta name=\"twitter:data1\" content=\"2 minutos\" \/>\n<script type=\"application\/ld+json\" class=\"yoast-schema-graph\">{\"@context\":\"https:\\\/\\\/schema.org\",\"@graph\":[{\"@type\":\"WebPage\",\"@id\":\"https:\\\/\\\/electropol.com.co\\\/blog\\\/serie-e-books-supresor-de-picos-electrico-todo-lo-que-necesitas-saber\\\/\",\"url\":\"https:\\\/\\\/electropol.com.co\\\/blog\\\/serie-e-books-supresor-de-picos-electrico-todo-lo-que-necesitas-saber\\\/\",\"name\":\"Supresor de picos el\u00e9ctrico todo lo que necesitas saber\",\"isPartOf\":{\"@id\":\"https:\\\/\\\/electropol.com.co\\\/blog\\\/#website\"},\"primaryImageOfPage\":{\"@id\":\"https:\\\/\\\/electropol.com.co\\\/blog\\\/serie-e-books-supresor-de-picos-electrico-todo-lo-que-necesitas-saber\\\/#primaryimage\"},\"image\":{\"@id\":\"https:\\\/\\\/electropol.com.co\\\/blog\\\/serie-e-books-supresor-de-picos-electrico-todo-lo-que-necesitas-saber\\\/#primaryimage\"},\"thumbnailUrl\":\"http:\\\/\\\/www.electropol.com.co\\\/blog\\\/wp-content\\\/uploads\\\/2016\\\/10\\\/serie-ebooks-supresor-de-picos-electrico-todo-lo-que-necesitas-saber-packx4.jpg\",\"datePublished\":\"2016-05-04T22:35:19+00:00\",\"dateModified\":\"2019-11-14T21:56:56+00:00\",\"description\":\"\u00a1Adquiere YA! Serie de eBooks sobre rayos GRATIS: Supresor de picos el\u00e9ctrico todo lo que necesitas saber sobre protecci\u00f3n contra rayos y sobretensiones.\",\"breadcrumb\":{\"@id\":\"https:\\\/\\\/electropol.com.co\\\/blog\\\/serie-e-books-supresor-de-picos-electrico-todo-lo-que-necesitas-saber\\\/#breadcrumb\"},\"inLanguage\":\"es\",\"potentialAction\":[{\"@type\":\"ReadAction\",\"target\":[\"https:\\\/\\\/electropol.com.co\\\/blog\\\/serie-e-books-supresor-de-picos-electrico-todo-lo-que-necesitas-saber\\\/\"]}]},{\"@type\":\"ImageObject\",\"inLanguage\":\"es\",\"@id\":\"https:\\\/\\\/electropol.com.co\\\/blog\\\/serie-e-books-supresor-de-picos-electrico-todo-lo-que-necesitas-saber\\\/#primaryimage\",\"url\":\"http:\\\/\\\/www.electropol.com.co\\\/blog\\\/wp-content\\\/uploads\\\/2016\\\/10\\\/serie-ebooks-supresor-de-picos-electrico-todo-lo-que-necesitas-saber-packx4.jpg\",\"contentUrl\":\"http:\\\/\\\/www.electropol.com.co\\\/blog\\\/wp-content\\\/uploads\\\/2016\\\/10\\\/serie-ebooks-supresor-de-picos-electrico-todo-lo-que-necesitas-saber-packx4.jpg\"},{\"@type\":\"BreadcrumbList\",\"@id\":\"https:\\\/\\\/electropol.com.co\\\/blog\\\/serie-e-books-supresor-de-picos-electrico-todo-lo-que-necesitas-saber\\\/#breadcrumb\",\"itemListElement\":[{\"@type\":\"ListItem\",\"position\":1,\"name\":\"Portada\",\"item\":\"https:\\\/\\\/electropol.com.co\\\/blog\\\/\"},{\"@type\":\"ListItem\",\"position\":2,\"name\":\"Serie e-Books: Supresor de picos el\u00e9ctrico, todo lo que necesitas saber\"}]},{\"@type\":\"WebSite\",\"@id\":\"https:\\\/\\\/electropol.com.co\\\/blog\\\/#website\",\"url\":\"https:\\\/\\\/electropol.com.co\\\/blog\\\/\",\"name\":\"Rayo-Resistente. EPOL OIL SAS Representante de DEHN & S\u00d6HNE\",\"description\":\"Informaci\u00f3n especializada sobre pararrayos, DPS supresor el\u00e9ctrico, y normas t\u00e9cnicas para hacerlo rayo resistente\",\"publisher\":{\"@id\":\"https:\\\/\\\/electropol.com.co\\\/blog\\\/#organization\"},\"potentialAction\":[{\"@type\":\"SearchAction\",\"target\":{\"@type\":\"EntryPoint\",\"urlTemplate\":\"https:\\\/\\\/electropol.com.co\\\/blog\\\/?s={search_term_string}\"},\"query-input\":{\"@type\":\"PropertyValueSpecification\",\"valueRequired\":true,\"valueName\":\"search_term_string\"}}],\"inLanguage\":\"es\"},{\"@type\":\"Organization\",\"@id\":\"https:\\\/\\\/electropol.com.co\\\/blog\\\/#organization\",\"name\":\"Rayo-Resistente. EPOL OIL SAS Representante de DEHN & S\u00d6HNE\",\"url\":\"https:\\\/\\\/electropol.com.co\\\/blog\\\/\",\"logo\":{\"@type\":\"ImageObject\",\"inLanguage\":\"es\",\"@id\":\"https:\\\/\\\/electropol.com.co\\\/blog\\\/#\\\/schema\\\/logo\\\/image\\\/\",\"url\":\"https:\\\/\\\/www.electropol.com.co\\\/blog\\\/wp-content\\\/uploads\\\/2020\\\/03\\\/blog_logo.jpg\",\"contentUrl\":\"https:\\\/\\\/www.electropol.com.co\\\/blog\\\/wp-content\\\/uploads\\\/2020\\\/03\\\/blog_logo.jpg\",\"width\":173,\"height\":64,\"caption\":\"Rayo-Resistente. EPOL OIL SAS Representante de DEHN & S\u00d6HNE\"},\"image\":{\"@id\":\"https:\\\/\\\/electropol.com.co\\\/blog\\\/#\\\/schema\\\/logo\\\/image\\\/\"}}]}<\/script>\n<!-- \/ Yoast SEO plugin. -->","yoast_head_json":{"title":"Supresor de picos el\u00e9ctrico todo lo que necesitas saber","description":"\u00a1Adquiere YA! Serie de eBooks sobre rayos GRATIS: Supresor de picos el\u00e9ctrico todo lo que necesitas saber sobre protecci\u00f3n contra rayos y sobretensiones.","robots":{"index":"index","follow":"follow","max-snippet":"max-snippet:-1","max-image-preview":"max-image-preview:large","max-video-preview":"max-video-preview:-1"},"canonical":"https:\/\/electropol.com.co\/blog\/serie-e-books-supresor-de-picos-electrico-todo-lo-que-necesitas-saber\/","og_locale":"es_ES","og_type":"article","og_title":"Supresor de picos el\u00e9ctrico todo lo que necesitas saber","og_description":"\u00a1Adquiere YA! Serie de eBooks sobre rayos GRATIS: Supresor de picos el\u00e9ctrico todo lo que necesitas saber sobre protecci\u00f3n contra rayos y sobretensiones.","og_url":"https:\/\/electropol.com.co\/blog\/serie-e-books-supresor-de-picos-electrico-todo-lo-que-necesitas-saber\/","og_site_name":"Rayo-Resistente. Electropol Colombia Distribuidor de Weidm\u00fcller","article_modified_time":"2019-11-14T21:56:56+00:00","og_image":[{"url":"http:\/\/www.electropol.com.co\/blog\/wp-content\/uploads\/2016\/10\/serie-ebooks-supresor-de-picos-electrico-todo-lo-que-necesitas-saber-packx4.jpg","type":"","width":"","height":""}],"twitter_card":"summary_large_image","twitter_misc":{"Tiempo de lectura":"2 minutos"},"schema":{"@context":"https:\/\/schema.org","@graph":[{"@type":"WebPage","@id":"https:\/\/electropol.com.co\/blog\/serie-e-books-supresor-de-picos-electrico-todo-lo-que-necesitas-saber\/","url":"https:\/\/electropol.com.co\/blog\/serie-e-books-supresor-de-picos-electrico-todo-lo-que-necesitas-saber\/","name":"Supresor de picos el\u00e9ctrico todo lo que necesitas saber","isPartOf":{"@id":"https:\/\/electropol.com.co\/blog\/#website"},"primaryImageOfPage":{"@id":"https:\/\/electropol.com.co\/blog\/serie-e-books-supresor-de-picos-electrico-todo-lo-que-necesitas-saber\/#primaryimage"},"image":{"@id":"https:\/\/electropol.com.co\/blog\/serie-e-books-supresor-de-picos-electrico-todo-lo-que-necesitas-saber\/#primaryimage"},"thumbnailUrl":"http:\/\/www.electropol.com.co\/blog\/wp-content\/uploads\/2016\/10\/serie-ebooks-supresor-de-picos-electrico-todo-lo-que-necesitas-saber-packx4.jpg","datePublished":"2016-05-04T22:35:19+00:00","dateModified":"2019-11-14T21:56:56+00:00","description":"\u00a1Adquiere YA! Serie de eBooks sobre rayos GRATIS: Supresor de picos el\u00e9ctrico todo lo que necesitas saber sobre protecci\u00f3n contra rayos y sobretensiones.","breadcrumb":{"@id":"https:\/\/electropol.com.co\/blog\/serie-e-books-supresor-de-picos-electrico-todo-lo-que-necesitas-saber\/#breadcrumb"},"inLanguage":"es","potentialAction":[{"@type":"ReadAction","target":["https:\/\/electropol.com.co\/blog\/serie-e-books-supresor-de-picos-electrico-todo-lo-que-necesitas-saber\/"]}]},{"@type":"ImageObject","inLanguage":"es","@id":"https:\/\/electropol.com.co\/blog\/serie-e-books-supresor-de-picos-electrico-todo-lo-que-necesitas-saber\/#primaryimage","url":"http:\/\/www.electropol.com.co\/blog\/wp-content\/uploads\/2016\/10\/serie-ebooks-supresor-de-picos-electrico-todo-lo-que-necesitas-saber-packx4.jpg","contentUrl":"http:\/\/www.electropol.com.co\/blog\/wp-content\/uploads\/2016\/10\/serie-ebooks-supresor-de-picos-electrico-todo-lo-que-necesitas-saber-packx4.jpg"},{"@type":"BreadcrumbList","@id":"https:\/\/electropol.com.co\/blog\/serie-e-books-supresor-de-picos-electrico-todo-lo-que-necesitas-saber\/#breadcrumb","itemListElement":[{"@type":"ListItem","position":1,"name":"Portada","item":"https:\/\/electropol.com.co\/blog\/"},{"@type":"ListItem","position":2,"name":"Serie e-Books: Supresor de picos el\u00e9ctrico, todo lo que necesitas saber"}]},{"@type":"WebSite","@id":"https:\/\/electropol.com.co\/blog\/#website","url":"https:\/\/electropol.com.co\/blog\/","name":"Rayo-Resistente. EPOL OIL SAS Representante de DEHN & S\u00d6HNE","description":"Informaci\u00f3n especializada sobre pararrayos, DPS supresor el\u00e9ctrico, y normas t\u00e9cnicas para hacerlo rayo resistente","publisher":{"@id":"https:\/\/electropol.com.co\/blog\/#organization"},"potentialAction":[{"@type":"SearchAction","target":{"@type":"EntryPoint","urlTemplate":"https:\/\/electropol.com.co\/blog\/?s={search_term_string}"},"query-input":{"@type":"PropertyValueSpecification","valueRequired":true,"valueName":"search_term_string"}}],"inLanguage":"es"},{"@type":"Organization","@id":"https:\/\/electropol.com.co\/blog\/#organization","name":"Rayo-Resistente. EPOL OIL SAS Representante de DEHN & S\u00d6HNE","url":"https:\/\/electropol.com.co\/blog\/","logo":{"@type":"ImageObject","inLanguage":"es","@id":"https:\/\/electropol.com.co\/blog\/#\/schema\/logo\/image\/","url":"https:\/\/www.electropol.com.co\/blog\/wp-content\/uploads\/2020\/03\/blog_logo.jpg","contentUrl":"https:\/\/www.electropol.com.co\/blog\/wp-content\/uploads\/2020\/03\/blog_logo.jpg","width":173,"height":64,"caption":"Rayo-Resistente. EPOL OIL SAS Representante de DEHN & S\u00d6HNE"},"image":{"@id":"https:\/\/electropol.com.co\/blog\/#\/schema\/logo\/image\/"}}]}},"_links":{"self":[{"href":"https:\/\/electropol.com.co\/blog\/wp-json\/wp\/v2\/pages\/1197","targetHints":{"allow":["GET"]}}],"collection":[{"href":"https:\/\/electropol.com.co\/blog\/wp-json\/wp\/v2\/pages"}],"about":[{"href":"https:\/\/electropol.com.co\/blog\/wp-json\/wp\/v2\/types\/page"}],"author":[{"embeddable":true,"href":"https:\/\/electropol.com.co\/blog\/wp-json\/wp\/v2\/users\/6"}],"replies":[{"embeddable":true,"href":"https:\/\/electropol.com.co\/blog\/wp-json\/wp\/v2\/comments?post=1197"}],"version-history":[{"count":0,"href":"https:\/\/electropol.com.co\/blog\/wp-json\/wp\/v2\/pages\/1197\/revisions"}],"wp:attachment":[{"href":"https:\/\/electropol.com.co\/blog\/wp-json\/wp\/v2\/media?parent=1197"}],"curies":[{"name":"wp","href":"https:\/\/api.w.org\/{rel}","templated":true}]}}